{"id":3183,"date":"2024-08-18T15:24:19","date_gmt":"2024-08-18T15:24:19","guid":{"rendered":"https:\/\/itinerania.com\/?page_id=3183"},"modified":"2025-06-03T20:58:40","modified_gmt":"2025-06-03T20:58:40","slug":"el-cruce","status":"publish","type":"page","link":"https:\/\/itinerania.com\/fr\/instalaciones-itinerania\/el-cruce\/","title":{"rendered":"El Cruce"},"content":{"rendered":"<p class=\"font_8\">Le Carrefour (sans texte \/ 4 ans et plus) est une performance de th\u00e9\u00e2tre d'objets pleine de simplicit\u00e9 et de po\u00e9sie visuelle, utilisant un tangram. Elle raconte une histoire de courage et de recherche d'alternatives face \u00e0 ce croisement qui ne semble avoir aucune issue<\/p>\n<p>Session continue avec des fonctions de 20 minutes<\/p>\n<p>Outdoor: \u00e0 l'int\u00e9rieur de LA TENTE A2MANOS<\/p>\n<p>Indoor: sans tente, dans des espaces intimes avec le public tr\u00e8s proche<\/p>\n<p class=\"font_8\">","protected":false},"excerpt":{"rendered":"<p>El Cruce (sin texto \/ a partir de 4 a\u00f1os) es un espect\u00e1culo de teatro de objetos lleno de sencillez y poes\u00eda visual, manipulando un juego de tangram. Narra una historia sobre el coraje y la b\u00fasqueda de alternativas ante un cruce que parece no tener salida. Sesi\u00f3n continua con funciones de 20 minutos. Outdoor [&hellip;]<\/p>","protected":false},"author":1,"featured_media":2615,"parent":3115,"menu_order":0,"comment_status":"closed","ping_status":"closed","template":"","meta":{"_acf_changed":false,"footnotes":""},"class_list":["post-3183","page","type-page","status-publish","has-post-thumbnail","hentry"],"acf":[],"_links":{"self":[{"href":"https:\/\/itinerania.com\/fr\/wp-json\/wp\/v2\/pages\/3183","targetHints":{"allow":["GET"]}}],"collection":[{"href":"https:\/\/itinerania.com\/fr\/wp-json\/wp\/v2\/pages"}],"about":[{"href":"https:\/\/itinerania.com\/fr\/wp-json\/wp\/v2\/types\/page"}],"author":[{"embeddable":true,"href":"https:\/\/itinerania.com\/fr\/wp-json\/wp\/v2\/users\/1"}],"replies":[{"embeddable":true,"href":"https:\/\/itinerania.com\/fr\/wp-json\/wp\/v2\/comments?post=3183"}],"version-history":[{"count":5,"href":"https:\/\/itinerania.com\/fr\/wp-json\/wp\/v2\/pages\/3183\/revisions"}],"predecessor-version":[{"id":4750,"href":"https:\/\/itinerania.com\/fr\/wp-json\/wp\/v2\/pages\/3183\/revisions\/4750"}],"up":[{"embeddable":true,"href":"https:\/\/itinerania.com\/fr\/wp-json\/wp\/v2\/pages\/3115"}],"wp:featuredmedia":[{"embeddable":true,"href":"https:\/\/itinerania.com\/fr\/wp-json\/wp\/v2\/media\/2615"}],"wp:attachment":[{"href":"https:\/\/itinerania.com\/fr\/wp-json\/wp\/v2\/media?parent=3183"}],"curies":[{"name":"wp","href":"https:\/\/api.w.org\/{rel}","templated":true}]}}