{"id":3148,"date":"2024-08-18T14:59:01","date_gmt":"2024-08-18T14:59:01","guid":{"rendered":"https:\/\/itinerania.com\/?page_id=3148"},"modified":"2025-03-24T10:04:20","modified_gmt":"2025-03-24T10:04:20","slug":"el-gran-laberint","status":"publish","type":"page","link":"https:\/\/itinerania.com\/fr\/instalaciones-itinerania\/el-gran-laberint\/","title":{"rendered":"El Gran Laberint"},"content":{"rendered":"<p class=\"font_8\">C'est un labyrinthe multicursal de grand format qui combine certains des d\u00e9fis m\u00e9caniques et \u00e9nigmes visuelles des labyrinthes pr\u00e9c\u00e9dents. Une structure semi-transparente qui transforme l'espace en laissant entrevoir une partie de son contenu.<\/p>\n<p class=\"font_8\">Attir\u00e9s par leur curiosit\u00e9, le public s'engage dans un r\u00e9seau de chemins et de courbes qui devient \u00e0 la fois un jeu et une performance gr\u00e2ce \u00e0 son interaction avec l'\u0153uvre.<\/p>","protected":false},"excerpt":{"rendered":"<p>Es un laberinto multicursal de gran formato, que combina algunos de los desaf\u00edos mec\u00e1nicos y enigmas visuales de anteriores laberintos. Una estructura semitransparente que transforma el espacio dejando entrever parte de su contenido. Atra\u00eddos por su curiosidad, el p\u00fablico se adentra en un entramado de caminos y curvas que resulta a la vez un juego [&hellip;]<\/p>","protected":false},"author":1,"featured_media":2129,"parent":3115,"menu_order":0,"comment_status":"closed","ping_status":"closed","template":"","meta":{"_acf_changed":false,"footnotes":""},"class_list":["post-3148","page","type-page","status-publish","has-post-thumbnail","hentry"],"acf":[],"_links":{"self":[{"href":"https:\/\/itinerania.com\/fr\/wp-json\/wp\/v2\/pages\/3148","targetHints":{"allow":["GET"]}}],"collection":[{"href":"https:\/\/itinerania.com\/fr\/wp-json\/wp\/v2\/pages"}],"about":[{"href":"https:\/\/itinerania.com\/fr\/wp-json\/wp\/v2\/types\/page"}],"author":[{"embeddable":true,"href":"https:\/\/itinerania.com\/fr\/wp-json\/wp\/v2\/users\/1"}],"replies":[{"embeddable":true,"href":"https:\/\/itinerania.com\/fr\/wp-json\/wp\/v2\/comments?post=3148"}],"version-history":[{"count":5,"href":"https:\/\/itinerania.com\/fr\/wp-json\/wp\/v2\/pages\/3148\/revisions"}],"predecessor-version":[{"id":4627,"href":"https:\/\/itinerania.com\/fr\/wp-json\/wp\/v2\/pages\/3148\/revisions\/4627"}],"up":[{"embeddable":true,"href":"https:\/\/itinerania.com\/fr\/wp-json\/wp\/v2\/pages\/3115"}],"wp:featuredmedia":[{"embeddable":true,"href":"https:\/\/itinerania.com\/fr\/wp-json\/wp\/v2\/media\/2129"}],"wp:attachment":[{"href":"https:\/\/itinerania.com\/fr\/wp-json\/wp\/v2\/media?parent=3148"}],"curies":[{"name":"wp","href":"https:\/\/api.w.org\/{rel}","templated":true}]}}