{"id":3144,"date":"2024-08-18T14:56:06","date_gmt":"2024-08-18T14:56:06","guid":{"rendered":"https:\/\/itinerania.com\/?page_id=3144"},"modified":"2025-03-25T12:06:32","modified_gmt":"2025-03-25T12:06:32","slug":"laberint-ii","status":"publish","type":"page","link":"https:\/\/itinerania.com\/fr\/instalaciones-itinerania\/laberint-ii\/","title":{"rendered":"Laberint II"},"content":{"rendered":"<p>C'est une mer de murs color\u00e9s remplie de carrefours, qui d\u00e9fie les participants les plus intr\u00e9pides avec des \u00e9nigmes visuelles et des portes de comp\u00e9tence. Beaucoup de chemins mais une seule sortie\u2026 Le grand format s'\u00e9largit avec cette installation de participation libre, o\u00f9 se perdre sera la plus grande des aventures.<\/p>","protected":false},"excerpt":{"rendered":"<p>C'est une mer de murs color\u00e9s remplie de carrefours, qui d\u00e9fie les participants les plus intr\u00e9pides avec des \u00e9nigmes visuelles et des portes de comp\u00e9tence. Beaucoup de chemins mais une seule sortie\u2026 Le grand format s'\u00e9largit avec cette installation de participation libre, o\u00f9 se perdre sera la plus grande des aventures.<\/p>","protected":false},"author":1,"featured_media":2150,"parent":3115,"menu_order":0,"comment_status":"closed","ping_status":"closed","template":"","meta":{"_acf_changed":false,"footnotes":""},"class_list":["post-3144","page","type-page","status-publish","has-post-thumbnail","hentry"],"acf":[],"_links":{"self":[{"href":"https:\/\/itinerania.com\/fr\/wp-json\/wp\/v2\/pages\/3144","targetHints":{"allow":["GET"]}}],"collection":[{"href":"https:\/\/itinerania.com\/fr\/wp-json\/wp\/v2\/pages"}],"about":[{"href":"https:\/\/itinerania.com\/fr\/wp-json\/wp\/v2\/types\/page"}],"author":[{"embeddable":true,"href":"https:\/\/itinerania.com\/fr\/wp-json\/wp\/v2\/users\/1"}],"replies":[{"embeddable":true,"href":"https:\/\/itinerania.com\/fr\/wp-json\/wp\/v2\/comments?post=3144"}],"version-history":[{"count":6,"href":"https:\/\/itinerania.com\/fr\/wp-json\/wp\/v2\/pages\/3144\/revisions"}],"predecessor-version":[{"id":4634,"href":"https:\/\/itinerania.com\/fr\/wp-json\/wp\/v2\/pages\/3144\/revisions\/4634"}],"up":[{"embeddable":true,"href":"https:\/\/itinerania.com\/fr\/wp-json\/wp\/v2\/pages\/3115"}],"wp:featuredmedia":[{"embeddable":true,"href":"https:\/\/itinerania.com\/fr\/wp-json\/wp\/v2\/media\/2150"}],"wp:attachment":[{"href":"https:\/\/itinerania.com\/fr\/wp-json\/wp\/v2\/media?parent=3144"}],"curies":[{"name":"wp","href":"https:\/\/api.w.org\/{rel}","templated":true}]}}