{"id":3140,"date":"2024-08-18T14:52:53","date_gmt":"2024-08-18T14:52:53","guid":{"rendered":"https:\/\/itinerania.com\/?page_id=3140"},"modified":"2025-03-24T10:54:16","modified_gmt":"2025-03-24T10:54:16","slug":"el-laberint","status":"publish","type":"page","link":"https:\/\/itinerania.com\/fr\/instalaciones-itinerania\/el-laberint\/","title":{"rendered":"El Laberint"},"content":{"rendered":"<p class=\"font_2\">Le Labyrinthe est une exp\u00e9rience collective pour tous les \u00e2ges, capable de transformer tout espace quotidien (place, rue, parc\u2026) en une rencontre ludique.<\/p>\n<p class=\"font_2\">Le Labyrinthe est un r\u00e9seau insolite de murs transparents et de corridors bord\u00e9s de portes \u00e9nigmatiques, o\u00f9 ce que vous savez et ce que vous faites cr\u00e9era votre propre chemin.<\/p>\n<p>C'est une installation de grand format qui propose le d\u00e9fi intemporel le plus excitant.<\/p>","protected":false},"excerpt":{"rendered":"<p>El Laberint es una experiencia colectiva para todas las edades, capaz de transformar cualquier espacio cotidiano (plaza, calle, parque&#8230;) en un l\u00fadico encuentro. El Laberint es una ins\u00f3lita red de paredes transparentes y pasillos franqueados por enigm\u00e1ticas puertas, donde lo que sabes y lo que haces crear\u00e1 tu propio camino. Es una instalaci\u00f3n de gran [&hellip;]<\/p>","protected":false},"author":1,"featured_media":2184,"parent":3115,"menu_order":0,"comment_status":"closed","ping_status":"closed","template":"","meta":{"_acf_changed":false,"footnotes":""},"class_list":["post-3140","page","type-page","status-publish","has-post-thumbnail","hentry"],"acf":[],"_links":{"self":[{"href":"https:\/\/itinerania.com\/fr\/wp-json\/wp\/v2\/pages\/3140","targetHints":{"allow":["GET"]}}],"collection":[{"href":"https:\/\/itinerania.com\/fr\/wp-json\/wp\/v2\/pages"}],"about":[{"href":"https:\/\/itinerania.com\/fr\/wp-json\/wp\/v2\/types\/page"}],"author":[{"embeddable":true,"href":"https:\/\/itinerania.com\/fr\/wp-json\/wp\/v2\/users\/1"}],"replies":[{"embeddable":true,"href":"https:\/\/itinerania.com\/fr\/wp-json\/wp\/v2\/comments?post=3140"}],"version-history":[{"count":5,"href":"https:\/\/itinerania.com\/fr\/wp-json\/wp\/v2\/pages\/3140\/revisions"}],"predecessor-version":[{"id":4629,"href":"https:\/\/itinerania.com\/fr\/wp-json\/wp\/v2\/pages\/3140\/revisions\/4629"}],"up":[{"embeddable":true,"href":"https:\/\/itinerania.com\/fr\/wp-json\/wp\/v2\/pages\/3115"}],"wp:featuredmedia":[{"embeddable":true,"href":"https:\/\/itinerania.com\/fr\/wp-json\/wp\/v2\/media\/2184"}],"wp:attachment":[{"href":"https:\/\/itinerania.com\/fr\/wp-json\/wp\/v2\/media?parent=3140"}],"curies":[{"name":"wp","href":"https:\/\/api.w.org\/{rel}","templated":true}]}}