{"id":2979,"date":"2024-08-18T08:36:33","date_gmt":"2024-08-18T08:36:33","guid":{"rendered":"https:\/\/itinerania.com\/?page_id=2979"},"modified":"2025-11-10T17:15:11","modified_gmt":"2025-11-10T17:15:11","slug":"itinerania-compania-de-teatro-de-calle","status":"publish","type":"page","link":"https:\/\/itinerania.com\/fr\/","title":{"rendered":"Itiner\u00e0nia &#8211; Compa\u00f1\u00eda de teatro de calle"},"content":{"rendered":"<div data-elementor-type=\"wp-page\" data-elementor-id=\"2979\" class=\"elementor elementor-2979\" data-elementor-post-type=\"page\">\n\t\t\t\t<div class=\"elementor-element elementor-element-2058edc e-con-full e-flex e-con e-parent\" data-id=\"2058edc\" data-element_type=\"container\">\n\t\t\t\t<div class=\"elementor-element elementor-element-bf325b2 elementor--h-position-center elementor--v-position-middle elementor-arrows-position-inside elementor-widget elementor-widget-slides\" data-id=\"bf325b2\" data-element_type=\"widget\" data-settings=\"{&quot;navigation&quot;:&quot;arrows&quot;,&quot;autoplay_speed&quot;:8000,&quot;transition&quot;:&quot;fade&quot;,&quot;transition_speed&quot;:0,&quot;autoplay&quot;:&quot;yes&quot;,&quot;pause_on_hover&quot;:&quot;yes&quot;,&quot;pause_on_interaction&quot;:&quot;yes&quot;,&quot;infinite&quot;:&quot;yes&quot;}\" data-widget_type=\"slides.default\">\n\t\t\t\t<div class=\"elementor-widget-container\">\n\t\t\t\t\t\t\t\t\t<div class=\"elementor-swiper\">\n\t\t\t\t\t<div class=\"elementor-slides-wrapper elementor-main-swiper swiper\" role=\"region\" aria-roledescription=\"carousel\" aria-label=\"Slides\" dir=\"ltr\" data-animation=\"fadeInUp\">\n\t\t\t\t<div class=\"swiper-wrapper elementor-slides\">\n\t\t\t\t\t\t\t\t\t\t<div class=\"elementor-repeater-item-7d6eba8 swiper-slide\" role=\"group\" aria-roledescription=\"slide\"><div class=\"swiper-slide-bg\" role=\"img\"><\/div><div class=\"elementor-background-overlay\"><\/div><div class=\"swiper-slide-inner\" ><div class=\"swiper-slide-contents\"><div class=\"elementor-slide-heading\"><img decoding=\"async\" class=\"logohome\" src=\"https:\/\/itinerania.com\/wp-content\/uploads\/2024\/09\/Logo-Itinerania-vf-transparente.png\"><\/div><div class=\"elementor-slide-description\">La po\u00e9sie du m\u00e9canisme entre les mains du public<\/div><\/div><\/div><\/div><div class=\"elementor-repeater-item-214ef57 swiper-slide\" role=\"group\" aria-roledescription=\"slide\"><div class=\"swiper-slide-bg\" role=\"img\"><\/div><div class=\"elementor-background-overlay\"><\/div><div class=\"swiper-slide-inner\" ><div class=\"swiper-slide-contents\"><div class=\"elementor-slide-heading\"><img decoding=\"async\" class=\"logohome\" src=\"https:\/\/itinerania.com\/wp-content\/uploads\/2024\/09\/Logo-Itinerania-vf-transparente.png\"><\/div><div class=\"elementor-slide-description\">Revendiquant la rue comme lieu de rencontre<\/div><\/div><\/div><\/div><div class=\"elementor-repeater-item-fb2cdeb swiper-slide\" role=\"group\" aria-roledescription=\"slide\"><div class=\"swiper-slide-bg\" role=\"img\"><\/div><div class=\"elementor-background-overlay\"><\/div><div class=\"swiper-slide-inner\" ><div class=\"swiper-slide-contents\"><div class=\"elementor-slide-heading\"><img decoding=\"async\" class=\"logohome\" src=\"https:\/\/itinerania.com\/wp-content\/uploads\/2024\/09\/Logo-Itinerania-vf-transparente.png\"><\/div><div class=\"elementor-slide-description\">Installations participatives, \u00e0 grande capacit\u00e9 et r\u00e9sistantes \u00e0 la pluie<\/div><\/div><\/div><\/div>\t\t\t\t<\/div>\n\t\t\t\t\t\t\t\t\t\t\t\t\t\t\t<div class=\"elementor-swiper-button elementor-swiper-button-prev\" role=\"button\" tabindex=\"0\" aria-label=\"Previous slide\">\n\t\t\t\t\t\t\t<i aria-hidden=\"true\" class=\"eicon-chevron-left\"><\/i>\t\t\t\t\t\t<\/div>\n\t\t\t\t\t\t<div class=\"elementor-swiper-button elementor-swiper-button-next\" role=\"button\" tabindex=\"0\" aria-label=\"Next slide\">\n\t\t\t\t\t\t\t<i aria-hidden=\"true\" class=\"eicon-chevron-right\"><\/i>\t\t\t\t\t\t<\/div>\n\t\t\t\t\t\t\t\t\t\t\t\t\t\t\t\t\t<\/div>\n\t\t\t\t<\/div>\n\t\t\t\t\t\t\t\t<\/div>\n\t\t\t\t<\/div>\n\t\t\t\t<\/div>\n\t\t<div class=\"elementor-element elementor-element-9496020 e-con-full e-flex e-con e-parent\" data-id=\"9496020\" data-element_type=\"container\">\n\t\t<div class=\"elementor-element elementor-element-55aa396 e-con-full e-flex e-con e-child\" data-id=\"55aa396\" data-element_type=\"container\">\n\t\t\t\t<div class=\"elementor-element elementor-element-b15906d elementor-widget-divider--view-line elementor-widget elementor-widget-divider\" data-id=\"b15906d\" data-element_type=\"widget\" data-widget_type=\"divider.default\">\n\t\t\t\t<div class=\"elementor-widget-container\">\n\t\t\t\t\t\t\t<div class=\"elementor-divider\">\n\t\t\t<span class=\"elementor-divider-separator\">\n\t\t\t\t\t\t<\/span>\n\t\t<\/div>\n\t\t\t\t\t\t<\/div>\n\t\t\t\t<\/div>\n\t\t\t\t<div class=\"elementor-element elementor-element-59c64b3 elementor-widget elementor-widget-heading\" data-id=\"59c64b3\" data-element_type=\"widget\" data-widget_type=\"heading.default\">\n\t\t\t\t<div class=\"elementor-widget-container\">\n\t\t\t\t\t<h1 class=\"elementor-heading-title elementor-size-default\">Itiner\u00e0nia<\/h1>\t\t\t\t<\/div>\n\t\t\t\t<\/div>\n\t\t\t\t<div class=\"elementor-element elementor-element-cafd724 elementor-widget__width-initial elementor-widget elementor-widget-text-editor\" data-id=\"cafd724\" data-element_type=\"widget\" data-widget_type=\"text-editor.default\">\n\t\t\t\t<div class=\"elementor-widget-container\">\n\t\t\t\t\t\t\t\t\t<p class=\"translation-block\">Interpellant le public dans plus de 20 pays sur 3 continents, nous pratiquons des disciplines comme <strong>L'INSTALLATION PARTICIPATIVE, l'ENTRESORT<\/strong> et  de <strong>TH\u00c9\u00c2TRE D'OBJETS<\/strong> AVEC TANGRAM.<\/p><p>Cr\u00e9ations d'auteur pour tous les publics, o\u00f9 leur interaction les transforme en protagonistes de l'\u0153uvre.<\/p>\t\t\t\t\t\t\t\t<\/div>\n\t\t\t\t<\/div>\n\t\t\t\t<div class=\"elementor-element elementor-element-aec14b6 elementor-widget elementor-widget-button\" data-id=\"aec14b6\" data-element_type=\"widget\" data-widget_type=\"button.default\">\n\t\t\t\t<div class=\"elementor-widget-container\">\n\t\t\t\t\t\t\t\t\t<div class=\"elementor-button-wrapper\">\n\t\t\t\t\t<a class=\"elementor-button elementor-button-link elementor-size-sm\" href=\"https:\/\/itinerania.com\/fr\/instalaciones-itinerania\/\">\n\t\t\t\t\t\t<span class=\"elementor-button-content-wrapper\">\n\t\t\t\t\t\t\t\t\t<span class=\"elementor-button-text\">d\u00e9couvre nos \u0153uvres<\/span>\n\t\t\t\t\t<\/span>\n\t\t\t\t\t<\/a>\n\t\t\t\t<\/div>\n\t\t\t\t\t\t\t\t<\/div>\n\t\t\t\t<\/div>\n\t\t\t\t<\/div>\n\t\t<div class=\"elementor-element elementor-element-ae2f48d e-con-full e-flex e-con e-child\" data-id=\"ae2f48d\" data-element_type=\"container\" data-settings=\"{&quot;background_background&quot;:&quot;classic&quot;,&quot;background_motion_fx_motion_fx_scrolling&quot;:&quot;yes&quot;,&quot;background_motion_fx_translateX_effect&quot;:&quot;yes&quot;,&quot;background_motion_fx_translateX_speed&quot;:{&quot;unit&quot;:&quot;px&quot;,&quot;size&quot;:3,&quot;sizes&quot;:[]},&quot;background_motion_fx_range&quot;:&quot;viewport&quot;,&quot;background_motion_fx_translateX_affectedRange&quot;:{&quot;unit&quot;:&quot;%&quot;,&quot;size&quot;:&quot;&quot;,&quot;sizes&quot;:{&quot;start&quot;:0,&quot;end&quot;:100}},&quot;background_motion_fx_devices&quot;:[&quot;desktop&quot;,&quot;tablet&quot;,&quot;mobile&quot;]}\">\n\t\t\t\t<\/div>\n\t\t\t\t<\/div>\n\t\t<div class=\"elementor-element elementor-element-4d519ed e-flex e-con-boxed e-con e-parent\" data-id=\"4d519ed\" data-element_type=\"container\">\n\t\t\t\t\t<div class=\"e-con-inner\">\n\t\t\t\t<div class=\"elementor-element elementor-element-a7d16ff elementor-widget-divider--view-line elementor-widget elementor-widget-divider\" data-id=\"a7d16ff\" data-element_type=\"widget\" data-widget_type=\"divider.default\">\n\t\t\t\t<div class=\"elementor-widget-container\">\n\t\t\t\t\t\t\t<div class=\"elementor-divider\">\n\t\t\t<span class=\"elementor-divider-separator\">\n\t\t\t\t\t\t<\/span>\n\t\t<\/div>\n\t\t\t\t\t\t<\/div>\n\t\t\t\t<\/div>\n\t\t\t\t<div class=\"elementor-element elementor-element-3f827a9 elementor-widget elementor-widget-heading\" data-id=\"3f827a9\" data-element_type=\"widget\" data-widget_type=\"heading.default\">\n\t\t\t\t<div class=\"elementor-widget-container\">\n\t\t\t\t\t<h2 class=\"elementor-heading-title elementor-size-default\">De l'atelier \u00e0 la rue<\/h2>\t\t\t\t<\/div>\n\t\t\t\t<\/div>\n\t\t\t\t<div class=\"elementor-element elementor-element-acb252c elementor-widget elementor-widget-video\" data-id=\"acb252c\" data-element_type=\"widget\" data-settings=\"{&quot;youtube_url&quot;:&quot;https:\\\/\\\/youtu.be\\\/k3wRk4hhpQo&quot;,&quot;mute&quot;:&quot;yes&quot;,&quot;show_image_overlay&quot;:&quot;yes&quot;,&quot;image_overlay&quot;:{&quot;url&quot;:&quot;https:\\\/\\\/itinerania.com\\\/wp-content\\\/uploads\\\/2021\\\/07\\\/taller-9.png&quot;,&quot;id&quot;:1156,&quot;size&quot;:&quot;&quot;,&quot;alt&quot;:&quot;&quot;,&quot;source&quot;:&quot;library&quot;},&quot;video_type&quot;:&quot;youtube&quot;,&quot;controls&quot;:&quot;yes&quot;}\" data-widget_type=\"video.default\">\n\t\t\t\t<div class=\"elementor-widget-container\">\n\t\t\t\t\t\t\t<div class=\"elementor-wrapper elementor-open-inline\">\n\t\t\t<div class=\"elementor-video\"><\/div>\t\t\t\t<div class=\"elementor-custom-embed-image-overlay\" style=\"background-image: url(https:\/\/itinerania.com\/wp-content\/uploads\/2021\/07\/taller-9.png);\">\n\t\t\t\t\t\t\t\t\t\t\t\t\t\t\t\t<div class=\"elementor-custom-embed-play\" role=\"button\" aria-label=\"Reproducir v\u00eddeo\" tabindex=\"0\">\n\t\t\t\t\t\t\t<i aria-hidden=\"true\" class=\"eicon-play\"><\/i>\t\t\t\t\t\t<\/div>\n\t\t\t\t\t\t\t\t\t<\/div>\n\t\t\t\t\t<\/div>\n\t\t\t\t\t\t<\/div>\n\t\t\t\t<\/div>\n\t\t\t\t\t<\/div>\n\t\t\t\t<\/div>\n\t\t\t\t<\/div>","protected":false},"excerpt":{"rendered":"<p>La po\u00e9tica del mecanismo en manos del p\u00fablicoReivindicando la calle como lugar de encuentroInstalaciones participativas, de gran aforo y resistentes a la lluvia Itiner\u00e0nia Interpelando al p\u00fablico en m\u00e1s de 20 pa\u00edses de 3 continentes, practicamos disciplinas como la INSTALACI\u00d3N PARTICIPATIVA, el ENTRESORT y el TEATRO DE MANIPULACI\u00d3N DE TANGRAM.\u00a0 Creaciones de autor para todos [&hellip;]<\/p>","protected":false},"author":1,"featured_media":3833,"parent":0,"menu_order":0,"comment_status":"closed","ping_status":"closed","template":"","meta":{"_acf_changed":false,"footnotes":""},"class_list":["post-2979","page","type-page","status-publish","has-post-thumbnail","hentry"],"acf":[],"_links":{"self":[{"href":"https:\/\/itinerania.com\/fr\/wp-json\/wp\/v2\/pages\/2979","targetHints":{"allow":["GET"]}}],"collection":[{"href":"https:\/\/itinerania.com\/fr\/wp-json\/wp\/v2\/pages"}],"about":[{"href":"https:\/\/itinerania.com\/fr\/wp-json\/wp\/v2\/types\/page"}],"author":[{"embeddable":true,"href":"https:\/\/itinerania.com\/fr\/wp-json\/wp\/v2\/users\/1"}],"replies":[{"embeddable":true,"href":"https:\/\/itinerania.com\/fr\/wp-json\/wp\/v2\/comments?post=2979"}],"version-history":[{"count":5,"href":"https:\/\/itinerania.com\/fr\/wp-json\/wp\/v2\/pages\/2979\/revisions"}],"predecessor-version":[{"id":4785,"href":"https:\/\/itinerania.com\/fr\/wp-json\/wp\/v2\/pages\/2979\/revisions\/4785"}],"wp:featuredmedia":[{"embeddable":true,"href":"https:\/\/itinerania.com\/fr\/wp-json\/wp\/v2\/media\/3833"}],"wp:attachment":[{"href":"https:\/\/itinerania.com\/fr\/wp-json\/wp\/v2\/media?parent=2979"}],"curies":[{"name":"wp","href":"https:\/\/api.w.org\/{rel}","templated":true}]}}