{"id":2,"date":"2021-07-05T09:17:26","date_gmt":"2021-07-05T09:17:26","guid":{"rendered":"http:\/\/box5907\/cgi\/addon_GT.cgi?s=GT::WP::Install::EIG+%28codalist%29+-+10.0.87.63+%5BWordpress%3b+\/var\/hp\/common\/lib\/Wordpress.pm%3b+460%3b+Hosting::gap_call%5D\/?page_id=2"},"modified":"2026-04-15T07:32:13","modified_gmt":"2026-04-15T07:32:13","slug":"el-laberinto-del-cuco","status":"publish","type":"page","link":"https:\/\/itinerania.com\/fr\/instalaciones-itinerania\/el-laberinto-del-cuco\/","title":{"rendered":"El Laberinto del Cuco"},"content":{"rendered":"<p>Est une installation participative et une bande dessin\u00e9e \u00e0 la fois. Le coucou qui  chantait le passage des heures est recherch\u00e9, parce que sa disparition a caus\u00e9 un d\u00e9calage temporel. Itiner\u00e0nia, en collaboration avec Francesc Capdevila (Max), pr\u00e9sente une bande dessin\u00e9e grand format crayonn\u00e9e sur les murs d\u2019un labyrinthe, que les participants lisent pendant qu\u2019ils se perdent \u00e0 l\u2019int\u00e9rieur.<\/p>\n<p><span data-olk-copy-source=\"MessageBody\">Lanzamiento del libro \u00ab<strong>El Laberinto del Cuco<\/strong>\u00ab, el c\u00f3mic interactivo que recrea en papel la experiencia inmersiva de la instalaci\u00f3n \u201cEl laberinto del Cuco\u201d, <strong>en librer\u00edas en noviembre 2025.<\/strong><\/span><\/p>\n<p>\u00a0<\/p>\n\n\n<figure class=\"wp-block-image size-large is-resized\"><img fetchpriority=\"high\" decoding=\"async\" width=\"1024\" height=\"1024\" src=\"https:\/\/itinerania.com\/wp-content\/uploads\/2021\/10\/Max-El-laberinto-del-Cuco-cubierta-1-1024x1024.jpg\" alt=\"\" class=\"wp-image-4796\" style=\"width:317px;height:auto\" srcset=\"https:\/\/itinerania.com\/wp-content\/uploads\/2021\/10\/Max-El-laberinto-del-Cuco-cubierta-1-1024x1024.jpg 1024w, https:\/\/itinerania.com\/wp-content\/uploads\/2021\/10\/Max-El-laberinto-del-Cuco-cubierta-1-300x300.jpg 300w, https:\/\/itinerania.com\/wp-content\/uploads\/2021\/10\/Max-El-laberinto-del-Cuco-cubierta-1-150x150.jpg 150w, https:\/\/itinerania.com\/wp-content\/uploads\/2021\/10\/Max-El-laberinto-del-Cuco-cubierta-1-768x768.jpg 768w, https:\/\/itinerania.com\/wp-content\/uploads\/2021\/10\/Max-El-laberinto-del-Cuco-cubierta-1-1536x1536.jpg 1536w\" sizes=\"(max-width: 1024px) 100vw, 1024px\" \/><\/figure>","protected":false},"excerpt":{"rendered":"<p>Es una instalaci\u00f3n participativa y un c\u00f3mic al mismo tiempo. Se busca al cuco que cantaba el paso de las horas, pues su desaparici\u00f3n ha provocado un desajuste\u00a0temporal. Compa\u00f1\u00eda Itiner\u00e0nia y Max presentan un c\u00f3mic de gran formato dibujado sobre las paredes de un laberinto, que el participante lee mientras se pierde entre sus paredes. [&hellip;]<\/p>","protected":false},"author":1,"featured_media":1658,"parent":3115,"menu_order":0,"comment_status":"closed","ping_status":"closed","template":"","meta":{"_acf_changed":false,"footnotes":""},"class_list":["post-2","page","type-page","status-publish","has-post-thumbnail","hentry"],"acf":[],"_links":{"self":[{"href":"https:\/\/itinerania.com\/fr\/wp-json\/wp\/v2\/pages\/2","targetHints":{"allow":["GET"]}}],"collection":[{"href":"https:\/\/itinerania.com\/fr\/wp-json\/wp\/v2\/pages"}],"about":[{"href":"https:\/\/itinerania.com\/fr\/wp-json\/wp\/v2\/types\/page"}],"author":[{"embeddable":true,"href":"https:\/\/itinerania.com\/fr\/wp-json\/wp\/v2\/users\/1"}],"replies":[{"embeddable":true,"href":"https:\/\/itinerania.com\/fr\/wp-json\/wp\/v2\/comments?post=2"}],"version-history":[{"count":5,"href":"https:\/\/itinerania.com\/fr\/wp-json\/wp\/v2\/pages\/2\/revisions"}],"predecessor-version":[{"id":4820,"href":"https:\/\/itinerania.com\/fr\/wp-json\/wp\/v2\/pages\/2\/revisions\/4820"}],"up":[{"embeddable":true,"href":"https:\/\/itinerania.com\/fr\/wp-json\/wp\/v2\/pages\/3115"}],"wp:featuredmedia":[{"embeddable":true,"href":"https:\/\/itinerania.com\/fr\/wp-json\/wp\/v2\/media\/1658"}],"wp:attachment":[{"href":"https:\/\/itinerania.com\/fr\/wp-json\/wp\/v2\/media?parent=2"}],"curies":[{"name":"wp","href":"https:\/\/api.w.org\/{rel}","templated":true}]}}