{"id":533,"date":"2021-02-01T05:01:20","date_gmt":"2021-02-01T05:01:20","guid":{"rendered":"https:\/\/codalistanew.website\/?page_id=533"},"modified":"2025-11-10T17:08:34","modified_gmt":"2025-11-10T17:08:34","slug":"contacto","status":"publish","type":"page","link":"https:\/\/itinerania.com\/eu\/contacto\/","title":{"rendered":"Kontaktua"},"content":{"rendered":"<div data-elementor-type=\"wp-page\" data-elementor-id=\"533\" class=\"elementor elementor-533\" data-elementor-post-type=\"page\">\n\t\t\t\t<div class=\"elementor-element elementor-element-e6b9b8d e-flex e-con-boxed e-con e-parent\" data-id=\"e6b9b8d\" data-element_type=\"container\" data-settings=\"{&quot;background_background&quot;:&quot;classic&quot;}\">\n\t\t\t\t\t<div class=\"e-con-inner\">\n\t\t<div class=\"elementor-element elementor-element-a347262 e-con-full e-flex e-con e-child\" data-id=\"a347262\" data-element_type=\"container\">\n\t\t<div class=\"elementor-element elementor-element-168d17c e-con-full e-flex e-con e-child\" data-id=\"168d17c\" data-element_type=\"container\">\n\t\t\t\t<div class=\"elementor-element elementor-element-1877ca7 elementor-widget-divider--view-line elementor-widget elementor-widget-divider\" data-id=\"1877ca7\" data-element_type=\"widget\" data-widget_type=\"divider.default\">\n\t\t\t\t<div class=\"elementor-widget-container\">\n\t\t\t\t\t\t\t<div class=\"elementor-divider\">\n\t\t\t<span class=\"elementor-divider-separator\">\n\t\t\t\t\t\t<\/span>\n\t\t<\/div>\n\t\t\t\t\t\t<\/div>\n\t\t\t\t<\/div>\n\t\t\t\t<div class=\"elementor-element elementor-element-e26535d elementor-widget elementor-widget-heading\" data-id=\"e26535d\" data-element_type=\"widget\" data-widget_type=\"heading.default\">\n\t\t\t\t<div class=\"elementor-widget-container\">\n\t\t\t\t\t<h1 class=\"elementor-heading-title elementor-size-default\">Kontaktua<\/h1>\t\t\t\t<\/div>\n\t\t\t\t<\/div>\n\t\t\t\t<\/div>\n\t\t<div class=\"elementor-element elementor-element-7196fb9 e-con-full e-flex e-con e-child\" data-id=\"7196fb9\" data-element_type=\"container\">\n\t\t\t\t<div class=\"elementor-element elementor-element-2d0786d elementor-widget elementor-widget-heading\" data-id=\"2d0786d\" data-element_type=\"widget\" data-widget_type=\"heading.default\">\n\t\t\t\t<div class=\"elementor-widget-container\">\n\t\t\t\t\t<h2 class=\"elementor-heading-title elementor-size-default\">Itiner\u00e0nia hobeto ezagutu nahi duzu?<\/h2>\t\t\t\t<\/div>\n\t\t\t\t<\/div>\n\t\t\t\t<div class=\"elementor-element elementor-element-c3efb23 elementor-view-stacked elementor-position-left elementor-mobile-position-left elementor-shape-circle elementor-widget elementor-widget-icon-box\" data-id=\"c3efb23\" data-element_type=\"widget\" data-widget_type=\"icon-box.default\">\n\t\t\t\t<div class=\"elementor-widget-container\">\n\t\t\t\t\t\t\t<div class=\"elementor-icon-box-wrapper\">\n\n\t\t\t\t\t\t<div class=\"elementor-icon-box-icon\">\n\t\t\t\t<a href=\"mailto:info@itinerania.com\" class=\"elementor-icon\" tabindex=\"-1\" aria-label=\"info@itinerania.com\">\n\t\t\t\t<i aria-hidden=\"true\" class=\"fas fa-envelope\"><\/i>\t\t\t\t<\/a>\n\t\t\t<\/div>\n\t\t\t\n\t\t\t\t\t\t<div class=\"elementor-icon-box-content\">\n\n\t\t\t\t\t\t\t\t\t<h5 class=\"elementor-icon-box-title\">\n\t\t\t\t\t\t<a href=\"mailto:info@itinerania.com\" >\n\t\t\t\t\t\t\tinfo@itinerania.com\t\t\t\t\t\t<\/a>\n\t\t\t\t\t<\/h5>\n\t\t\t\t\n\t\t\t\t\n\t\t\t<\/div>\n\t\t\t\n\t\t<\/div>\n\t\t\t\t\t\t<\/div>\n\t\t\t\t<\/div>\n\t\t\t\t<div class=\"elementor-element elementor-element-80183f4 elementor-view-stacked elementor-position-left elementor-mobile-position-left elementor-shape-circle elementor-widget elementor-widget-icon-box\" data-id=\"80183f4\" data-element_type=\"widget\" data-widget_type=\"icon-box.default\">\n\t\t\t\t<div class=\"elementor-widget-container\">\n\t\t\t\t\t\t\t<div class=\"elementor-icon-box-wrapper\">\n\n\t\t\t\t\t\t<div class=\"elementor-icon-box-icon\">\n\t\t\t\t<span  class=\"elementor-icon\">\n\t\t\t\t<i aria-hidden=\"true\" class=\"fas fa-phone\"><\/i>\t\t\t\t<\/span>\n\t\t\t<\/div>\n\t\t\t\n\t\t\t\t\t\t<div class=\"elementor-icon-box-content\">\n\n\t\t\t\t\t\t\t\t\t<h5 class=\"elementor-icon-box-title\">\n\t\t\t\t\t\t<span  >\n\t\t\t\t\t\t\t+34 672 875 758\t\t\t\t\t\t<\/span>\n\t\t\t\t\t<\/h5>\n\t\t\t\t\n\t\t\t\t\n\t\t\t<\/div>\n\t\t\t\n\t\t<\/div>\n\t\t\t\t\t\t<\/div>\n\t\t\t\t<\/div>\n\t\t\t\t<div class=\"elementor-element elementor-element-0df8a36 elementor-view-stacked elementor-position-left elementor-mobile-position-left elementor-shape-circle elementor-widget elementor-widget-icon-box\" data-id=\"0df8a36\" data-element_type=\"widget\" data-widget_type=\"icon-box.default\">\n\t\t\t\t<div class=\"elementor-widget-container\">\n\t\t\t\t\t\t\t<div class=\"elementor-icon-box-wrapper\">\n\n\t\t\t\t\t\t<div class=\"elementor-icon-box-icon\">\n\t\t\t\t<span  class=\"elementor-icon\">\n\t\t\t\t<i aria-hidden=\"true\" class=\"fas fa-map-marker-alt\"><\/i>\t\t\t\t<\/span>\n\t\t\t<\/div>\n\t\t\t\n\t\t\t\t\t\t<div class=\"elementor-icon-box-content\">\n\n\t\t\t\t\t\t\t\t\t<h5 class=\"elementor-icon-box-title\">\n\t\t\t\t\t\t<span  >\n\t\t\t\t\t\t\tC\/ Ind\u00fastria 1, Sant Miquel de Baleny\u00e0, 08554 Barcelona\t\t\t\t\t\t<\/span>\n\t\t\t\t\t<\/h5>\n\t\t\t\t\n\t\t\t\t\n\t\t\t<\/div>\n\t\t\t\n\t\t<\/div>\n\t\t\t\t\t\t<\/div>\n\t\t\t\t<\/div>\n\t\t\t\t<\/div>\n\t\t\t\t<\/div>\n\t\t<div class=\"elementor-element elementor-element-51505f8 e-con-full e-flex e-con e-child\" data-id=\"51505f8\" data-element_type=\"container\" data-settings=\"{&quot;background_background&quot;:&quot;classic&quot;}\">\n\t\t\t\t<div class=\"elementor-element elementor-element-414527b elementor-widget__width-initial elementor-widget elementor-widget-text-editor\" data-id=\"414527b\" data-element_type=\"widget\" data-widget_type=\"text-editor.default\">\n\t\t\t\t<div class=\"elementor-widget-container\">\n\t\t\t\t\t\t\t\t\t<p>Banaketa esklusiboaEuskadin, Iparraldean eta Nafarroan: SOLOBE ART<\/p>\t\t\t\t\t\t\t\t<\/div>\n\t\t\t\t<\/div>\n\t\t\t\t<div class=\"elementor-element elementor-element-295232d elementor-widget elementor-widget-text-editor\" data-id=\"295232d\" data-element_type=\"widget\" data-widget_type=\"text-editor.default\">\n\t\t\t\t<div class=\"elementor-widget-container\">\n\t\t\t\t\t\t\t\t\t<p>Dinora Mega<br \/>info@solobeart.com<br \/>(+34) 690 078 725<\/p>\t\t\t\t\t\t\t\t<\/div>\n\t\t\t\t<\/div>\n\t\t<div class=\"elementor-element elementor-element-ae979f9 e-con-full e-flex e-con e-child\" data-id=\"ae979f9\" data-element_type=\"container\">\n\t\t\t\t<div class=\"elementor-element elementor-element-15652bb elementor-widget__width-initial elementor-widget elementor-widget-image\" data-id=\"15652bb\" data-element_type=\"widget\" data-widget_type=\"image.default\">\n\t\t\t\t<div class=\"elementor-widget-container\">\n\t\t\t\t\t\t\t\t\t\t\t\t\t\t\t<img fetchpriority=\"high\" decoding=\"async\" width=\"829\" height=\"833\" src=\"https:\/\/itinerania.com\/wp-content\/uploads\/2024\/09\/foto-dinora-recorte.jpg\" class=\"attachment-full size-full wp-image-4098\" alt=\"Dinora Mega sonrie a la c\u00e1mara con la COncha de Sna Sebasti\u00e1n de fondo\" srcset=\"https:\/\/itinerania.com\/wp-content\/uploads\/2024\/09\/foto-dinora-recorte.jpg 829w, https:\/\/itinerania.com\/wp-content\/uploads\/2024\/09\/foto-dinora-recorte-300x300.jpg 300w, https:\/\/itinerania.com\/wp-content\/uploads\/2024\/09\/foto-dinora-recorte-150x150.jpg 150w, https:\/\/itinerania.com\/wp-content\/uploads\/2024\/09\/foto-dinora-recorte-768x772.jpg 768w, https:\/\/itinerania.com\/wp-content\/uploads\/2024\/09\/foto-dinora-recorte-12x12.jpg 12w\" sizes=\"(max-width: 829px) 100vw, 829px\" \/>\t\t\t\t\t\t\t\t\t\t\t\t\t\t\t<\/div>\n\t\t\t\t<\/div>\n\t\t\t\t<div class=\"elementor-element elementor-element-915c34e elementor-widget__width-initial elementor-widget elementor-widget-image\" data-id=\"915c34e\" data-element_type=\"widget\" data-widget_type=\"image.default\">\n\t\t\t\t<div class=\"elementor-widget-container\">\n\t\t\t\t\t\t\t\t\t\t\t\t\t\t\t<img decoding=\"async\" width=\"1083\" height=\"1083\" src=\"https:\/\/itinerania.com\/wp-content\/uploads\/2023\/10\/Logo_SolobeartEUS-ESP_1.jpg\" class=\"attachment-full size-full wp-image-2656\" alt=\"\" srcset=\"https:\/\/itinerania.com\/wp-content\/uploads\/2023\/10\/Logo_SolobeartEUS-ESP_1.jpg 1083w, https:\/\/itinerania.com\/wp-content\/uploads\/2023\/10\/Logo_SolobeartEUS-ESP_1-300x300.jpg 300w, https:\/\/itinerania.com\/wp-content\/uploads\/2023\/10\/Logo_SolobeartEUS-ESP_1-1024x1024.jpg 1024w, https:\/\/itinerania.com\/wp-content\/uploads\/2023\/10\/Logo_SolobeartEUS-ESP_1-150x150.jpg 150w, https:\/\/itinerania.com\/wp-content\/uploads\/2023\/10\/Logo_SolobeartEUS-ESP_1-768x768.jpg 768w, https:\/\/itinerania.com\/wp-content\/uploads\/2023\/10\/Logo_SolobeartEUS-ESP_1-12x12.jpg 12w, https:\/\/itinerania.com\/wp-content\/uploads\/2023\/10\/Logo_SolobeartEUS-ESP_1-24x24.jpg 24w, https:\/\/itinerania.com\/wp-content\/uploads\/2023\/10\/Logo_SolobeartEUS-ESP_1-36x36.jpg 36w, https:\/\/itinerania.com\/wp-content\/uploads\/2023\/10\/Logo_SolobeartEUS-ESP_1-48x48.jpg 48w\" sizes=\"(max-width: 1083px) 100vw, 1083px\" \/>\t\t\t\t\t\t\t\t\t\t\t\t\t\t\t<\/div>\n\t\t\t\t<\/div>\n\t\t\t\t<\/div>\n\t\t\t\t<\/div>\n\t\t\t\t\t<\/div>\n\t\t\t\t<\/div>\n\t\t\t\t<\/div>","protected":false},"excerpt":{"rendered":"<p>\u00bfQuieres conocer m\u00e1s itinerania? info@itinerania.com +34 672 875 758 C\/ Ind\u00fastria 1, Sant Miquel de Baleny\u00e0, 08554 Barcelona Distribuci\u00f3n exclusiva en Euskadi, Iparralde y Navarra: SOLOBE ART Dinora Megainfo@solobeart.com(+34) 690 078 725<\/p>","protected":false},"author":1,"featured_media":0,"parent":0,"menu_order":0,"comment_status":"closed","ping_status":"closed","template":"","meta":{"_acf_changed":false,"footnotes":""},"class_list":["post-533","page","type-page","status-publish","hentry"],"acf":[],"_links":{"self":[{"href":"https:\/\/itinerania.com\/eu\/wp-json\/wp\/v2\/pages\/533","targetHints":{"allow":["GET"]}}],"collection":[{"href":"https:\/\/itinerania.com\/eu\/wp-json\/wp\/v2\/pages"}],"about":[{"href":"https:\/\/itinerania.com\/eu\/wp-json\/wp\/v2\/types\/page"}],"author":[{"embeddable":true,"href":"https:\/\/itinerania.com\/eu\/wp-json\/wp\/v2\/users\/1"}],"replies":[{"embeddable":true,"href":"https:\/\/itinerania.com\/eu\/wp-json\/wp\/v2\/comments?post=533"}],"version-history":[{"count":5,"href":"https:\/\/itinerania.com\/eu\/wp-json\/wp\/v2\/pages\/533\/revisions"}],"predecessor-version":[{"id":4776,"href":"https:\/\/itinerania.com\/eu\/wp-json\/wp\/v2\/pages\/533\/revisions\/4776"}],"wp:attachment":[{"href":"https:\/\/itinerania.com\/eu\/wp-json\/wp\/v2\/media?parent=533"}],"curies":[{"name":"wp","href":"https:\/\/api.w.org\/{rel}","templated":true}]}}