{"id":3548,"date":"2024-08-30T11:14:46","date_gmt":"2024-08-30T11:14:46","guid":{"rendered":"https:\/\/itinerania.com\/?page_id=3548"},"modified":"2024-10-10T08:37:16","modified_gmt":"2024-10-10T08:37:16","slug":"profesionales-logistica","status":"publish","type":"page","link":"https:\/\/itinerania.com\/eu\/profesionales-logistica\/","title":{"rendered":"Profesionalentzat - Logistika"},"content":{"rendered":"<div data-elementor-type=\"wp-page\" data-elementor-id=\"3548\" class=\"elementor elementor-3548\" data-elementor-post-type=\"page\">\n\t\t\t\t<div class=\"elementor-element elementor-element-ef6ce26 e-flex e-con-boxed e-con e-parent\" data-id=\"ef6ce26\" data-element_type=\"container\" data-settings=\"{&quot;background_background&quot;:&quot;classic&quot;}\">\n\t\t\t\t\t<div class=\"e-con-inner\">\n\t\t<div class=\"elementor-element elementor-element-a236701 e-con-full e-flex e-con e-child\" data-id=\"a236701\" data-element_type=\"container\">\n\t\t\t\t<div class=\"elementor-element elementor-element-7b895ad elementor-widget-divider--view-line elementor-widget elementor-widget-divider\" data-id=\"7b895ad\" data-element_type=\"widget\" data-widget_type=\"divider.default\">\n\t\t\t\t<div class=\"elementor-widget-container\">\n\t\t\t\t\t\t\t<div class=\"elementor-divider\">\n\t\t\t<span class=\"elementor-divider-separator\">\n\t\t\t\t\t\t<\/span>\n\t\t<\/div>\n\t\t\t\t\t\t<\/div>\n\t\t\t\t<\/div>\n\t\t\t\t<div class=\"elementor-element elementor-element-b34533f elementor-widget elementor-widget-heading\" data-id=\"b34533f\" data-element_type=\"widget\" data-widget_type=\"heading.default\">\n\t\t\t\t<div class=\"elementor-widget-container\">\n\t\t\t\t\t<h1 class=\"elementor-heading-title elementor-size-default\">Profesionalentzat - Logistika<\/h1>\t\t\t\t<\/div>\n\t\t\t\t<\/div>\n\t\t\t\t<\/div>\n\t\t\t\t\t<\/div>\n\t\t\t\t<\/div>\n\t\t<div class=\"elementor-element elementor-element-089f4b0 e-flex e-con-boxed e-con e-parent\" data-id=\"089f4b0\" data-element_type=\"container\">\n\t\t\t\t\t<div class=\"e-con-inner\">\n\t\t<div class=\"elementor-element elementor-element-d064ee3 e-con-full e-flex e-con e-child\" data-id=\"d064ee3\" data-element_type=\"container\">\n\t\t\t\t<div class=\"elementor-element elementor-element-a526315 elementor-widget elementor-widget-heading\" data-id=\"a526315\" data-element_type=\"widget\" data-widget_type=\"heading.default\">\n\t\t\t\t<div class=\"elementor-widget-container\">\n\t\t\t\t\t<h2 class=\"elementor-heading-title elementor-size-default\">Nola mugitzen gara?<\/h2>\t\t\t\t<\/div>\n\t\t\t\t<\/div>\n\t\t\t\t<div class=\"elementor-element elementor-element-54c8114 elementor-widget elementor-widget-text-editor\" data-id=\"54c8114\" data-element_type=\"widget\" data-widget_type=\"text-editor.default\">\n\t\t\t\t<div class=\"elementor-widget-container\">\n\t\t\t\t\t\t\t\t\t<p>Errepidez, gure furgonetak langileak eta material eszenikoa garraiatzen ditu.\nLogistika ekonomikoena da, seguruena eta garaiz iristearen berme gehiago ematen\ndiguna.<\/p><p>Atoi txiki batekin, ECO-COMBO-ak garraiatzen ditugi: Bi instalazio edo gehiagoko\nkonbinazioak. Honek, garraioan eta karbono-isurietan aurrezpen handia\nahalbidetzeaz gain, proposamenen aurrekontuetan beherapena ahalbidetzen du.\nLogistikoki konbinazio hauek egin ditzakegu:<\/p>\t\t\t\t\t\t\t\t<\/div>\n\t\t\t\t<\/div>\n\t\t\t\t<\/div>\n\t\t<div class=\"elementor-element elementor-element-bb8e469 e-con-full e-flex e-con e-child\" data-id=\"bb8e469\" data-element_type=\"container\">\n\t\t\t\t<div class=\"elementor-element elementor-element-2f602b2 elementor-widget elementor-widget-image\" data-id=\"2f602b2\" data-element_type=\"widget\" data-widget_type=\"image.default\">\n\t\t\t\t<div class=\"elementor-widget-container\">\n\t\t\t\t\t\t\t\t\t\t\t\t\t\t\t\t<a href=\"https:\/\/itinerania.com\/wp-content\/uploads\/2024\/09\/LOGISTIC-TOUR-V2.jpg\" data-elementor-open-lightbox=\"yes\" data-elementor-lightbox-title=\"Itinerania-LOGISTIC TOUR\" data-elementor-lightbox-description=\"Esquema explicativo sobre el transporte terrestre de la compa\u00f1\u00eda en furgoneta con opciones de combos para ahorrar en transporte\" data-e-action-hash=\"#elementor-action%3Aaction%3Dlightbox%26settings%3DeyJpZCI6NDE2MCwidXJsIjoiaHR0cHM6XC9cL2l0aW5lcmFuaWEuY29tXC93cC1jb250ZW50XC91cGxvYWRzXC8yMDI0XC8wOVwvTE9HSVNUSUMtVE9VUi1WMi5qcGcifQ%3D%3D\">\n\t\t\t\t\t\t\t<img fetchpriority=\"high\" decoding=\"async\" width=\"1240\" height=\"1754\" src=\"https:\/\/itinerania.com\/wp-content\/uploads\/2024\/09\/LOGISTIC-TOUR-V2.jpg\" class=\"attachment-full size-full wp-image-4160\" alt=\"Esquema explicativo sobre el transporte terrestre de la compa\u00f1\u00eda en furgoneta con opciones de combos para ahorrar en transporte\" srcset=\"https:\/\/itinerania.com\/wp-content\/uploads\/2024\/09\/LOGISTIC-TOUR-V2.jpg 1240w, https:\/\/itinerania.com\/wp-content\/uploads\/2024\/09\/LOGISTIC-TOUR-V2-212x300.jpg 212w, https:\/\/itinerania.com\/wp-content\/uploads\/2024\/09\/LOGISTIC-TOUR-V2-724x1024.jpg 724w, https:\/\/itinerania.com\/wp-content\/uploads\/2024\/09\/LOGISTIC-TOUR-V2-768x1086.jpg 768w, https:\/\/itinerania.com\/wp-content\/uploads\/2024\/09\/LOGISTIC-TOUR-V2-1086x1536.jpg 1086w, https:\/\/itinerania.com\/wp-content\/uploads\/2024\/09\/LOGISTIC-TOUR-V2-8x12.jpg 8w\" sizes=\"(max-width: 1240px) 100vw, 1240px\" \/>\t\t\t\t\t\t\t\t<\/a>\n\t\t\t\t\t\t\t\t\t\t\t\t\t\t\t<\/div>\n\t\t\t\t<\/div>\n\t\t\t\t<\/div>\n\t\t\t\t\t<\/div>\n\t\t\t\t<\/div>\n\t\t\t\t<\/div>","protected":false},"excerpt":{"rendered":"<p>\u00bfC\u00f3mo nos desplazamos? Por carretera, nuestra furgoneta desplaza personal y material esc\u00e9nico. Es la log\u00edstica m\u00e1s econ\u00f3mica, segura y con m\u00e1s garant\u00edas de puntualidad. Con un peque\u00f1o remolque transportamos ECO-COMBOS: combinaciones de 2 o m\u00e1s instalaciones. Ello permite un gran ahorro en transporte y en emisiones de carbono, adem\u00e1s de un descuento en ambos cach\u00e9s. [&hellip;]<\/p>","protected":false},"author":1,"featured_media":0,"parent":0,"menu_order":0,"comment_status":"closed","ping_status":"closed","template":"elementor_header_footer","meta":{"_acf_changed":false,"footnotes":""},"class_list":["post-3548","page","type-page","status-publish","hentry"],"acf":[],"_links":{"self":[{"href":"https:\/\/itinerania.com\/eu\/wp-json\/wp\/v2\/pages\/3548","targetHints":{"allow":["GET"]}}],"collection":[{"href":"https:\/\/itinerania.com\/eu\/wp-json\/wp\/v2\/pages"}],"about":[{"href":"https:\/\/itinerania.com\/eu\/wp-json\/wp\/v2\/types\/page"}],"author":[{"embeddable":true,"href":"https:\/\/itinerania.com\/eu\/wp-json\/wp\/v2\/users\/1"}],"replies":[{"embeddable":true,"href":"https:\/\/itinerania.com\/eu\/wp-json\/wp\/v2\/comments?post=3548"}],"version-history":[{"count":5,"href":"https:\/\/itinerania.com\/eu\/wp-json\/wp\/v2\/pages\/3548\/revisions"}],"predecessor-version":[{"id":4206,"href":"https:\/\/itinerania.com\/eu\/wp-json\/wp\/v2\/pages\/3548\/revisions\/4206"}],"wp:attachment":[{"href":"https:\/\/itinerania.com\/eu\/wp-json\/wp\/v2\/media?parent=3548"}],"curies":[{"name":"wp","href":"https:\/\/api.w.org\/{rel}","templated":true}]}}