{"id":3142,"date":"2024-08-18T14:54:40","date_gmt":"2024-08-18T14:54:40","guid":{"rendered":"https:\/\/itinerania.com\/?page_id=3142"},"modified":"2025-04-18T08:59:34","modified_gmt":"2025-04-18T08:59:34","slug":"titeretu","status":"publish","type":"page","link":"https:\/\/itinerania.com\/eu\/instalaciones-itinerania\/titeretu\/","title":{"rendered":"Titeret\u00fa"},"content":{"rendered":"<p class=\"font_4\">Titiriteroaren 5 esku erraldoi, burniz eta egurrez eraikiak. Bistan dituzte oinarrizko mekanikako erraiak.<\/p>\n<p class=\"font_4\">Gorputza tresna bakar gisa erabiliz, partehartzaileek oreka, zehaztasun eta  koordinazio jokoak ebatziko dituzte.<\/p>\n<p class=\"font_4\">Bisitaria ikusle hutsa izateari utziko dio eta istorioaren protagonista bilakatuko da: txotxongiloa!<\/p>\n<p>&nbsp;<\/p>","protected":false},"excerpt":{"rendered":"<p>Titeret\u00fa son 5 manos gigantes de titiritero, construidas de hierro y madera, con sus entra\u00f1as de mec\u00e1nica b\u00e1sica a la vista. Utilizando el cuerpo, los participantes resolver\u00e1n juegos de equilibrio, precisi\u00f3n y coordinaci\u00f3n. El p\u00fablico dejar\u00e1 de ser s\u00f3lo un espectador, para convertirse en el protagonista de la historia: \u00a1el t\u00edtere! &nbsp;<\/p>","protected":false},"author":1,"featured_media":2164,"parent":3115,"menu_order":0,"comment_status":"closed","ping_status":"closed","template":"","meta":{"_acf_changed":false,"footnotes":""},"class_list":["post-3142","page","type-page","status-publish","has-post-thumbnail","hentry"],"acf":[],"_links":{"self":[{"href":"https:\/\/itinerania.com\/eu\/wp-json\/wp\/v2\/pages\/3142","targetHints":{"allow":["GET"]}}],"collection":[{"href":"https:\/\/itinerania.com\/eu\/wp-json\/wp\/v2\/pages"}],"about":[{"href":"https:\/\/itinerania.com\/eu\/wp-json\/wp\/v2\/types\/page"}],"author":[{"embeddable":true,"href":"https:\/\/itinerania.com\/eu\/wp-json\/wp\/v2\/users\/1"}],"replies":[{"embeddable":true,"href":"https:\/\/itinerania.com\/eu\/wp-json\/wp\/v2\/comments?post=3142"}],"version-history":[{"count":6,"href":"https:\/\/itinerania.com\/eu\/wp-json\/wp\/v2\/pages\/3142\/revisions"}],"predecessor-version":[{"id":4660,"href":"https:\/\/itinerania.com\/eu\/wp-json\/wp\/v2\/pages\/3142\/revisions\/4660"}],"up":[{"embeddable":true,"href":"https:\/\/itinerania.com\/eu\/wp-json\/wp\/v2\/pages\/3115"}],"wp:featuredmedia":[{"embeddable":true,"href":"https:\/\/itinerania.com\/eu\/wp-json\/wp\/v2\/media\/2164"}],"wp:attachment":[{"href":"https:\/\/itinerania.com\/eu\/wp-json\/wp\/v2\/media?parent=3142"}],"curies":[{"name":"wp","href":"https:\/\/api.w.org\/{rel}","templated":true}]}}