{"id":2055,"date":"2023-03-14T18:53:46","date_gmt":"2023-03-14T18:53:46","guid":{"rendered":"https:\/\/itinerania.com\/?page_id=2055"},"modified":"2025-11-10T17:08:23","modified_gmt":"2025-11-10T17:08:23","slug":"equipo-itinerania","status":"publish","type":"page","link":"https:\/\/itinerania.com\/eu\/equipo-itinerania\/","title":{"rendered":"Nor gara"},"content":{"rendered":"<div data-elementor-type=\"wp-page\" data-elementor-id=\"2055\" class=\"elementor elementor-2055\" data-elementor-post-type=\"page\">\n\t\t\t\t<div class=\"elementor-element elementor-element-cadb2b6 e-flex e-con-boxed e-con e-parent\" data-id=\"cadb2b6\" data-element_type=\"container\">\n\t\t\t\t\t<div class=\"e-con-inner\">\n\t\t<div class=\"elementor-element elementor-element-7fce690 e-con-full e-flex e-con e-child\" data-id=\"7fce690\" data-element_type=\"container\">\n\t\t<div class=\"elementor-element elementor-element-94a9d76 e-con-full e-flex e-con e-child\" data-id=\"94a9d76\" data-element_type=\"container\">\n\t\t\t\t<div class=\"elementor-element elementor-element-6b0d7fc elementor-widget-divider--view-line elementor-widget elementor-widget-divider\" data-id=\"6b0d7fc\" data-element_type=\"widget\" data-widget_type=\"divider.default\">\n\t\t\t\t<div class=\"elementor-widget-container\">\n\t\t\t\t\t\t\t<div class=\"elementor-divider\">\n\t\t\t<span class=\"elementor-divider-separator\">\n\t\t\t\t\t\t<\/span>\n\t\t<\/div>\n\t\t\t\t\t\t<\/div>\n\t\t\t\t<\/div>\n\t\t\t\t<div class=\"elementor-element elementor-element-753882c elementor-widget elementor-widget-heading\" data-id=\"753882c\" data-element_type=\"widget\" data-widget_type=\"heading.default\">\n\t\t\t\t<div class=\"elementor-widget-container\">\n\t\t\t\t\t<h1 class=\"elementor-heading-title elementor-size-default\">Konpainia<\/h1>\t\t\t\t<\/div>\n\t\t\t\t<\/div>\n\t\t\t\t<\/div>\n\t\t<div class=\"elementor-element elementor-element-9221b68 e-con-full e-flex e-con e-child\" data-id=\"9221b68\" data-element_type=\"container\">\n\t\t<div class=\"elementor-element elementor-element-ce1ddae e-con-full e-flex e-con e-child\" data-id=\"ce1ddae\" data-element_type=\"container\">\n\t\t\t\t<div class=\"elementor-element elementor-element-3acf6ad elementor-widget elementor-widget-text-editor\" data-id=\"3acf6ad\" data-element_type=\"widget\" data-widget_type=\"text-editor.default\">\n\t\t\t\t<div class=\"elementor-widget-container\">\n\t\t\t\t\t\t\t\t\t<p class=\"translation-block\">Itiner\u00e0nia konpainia Instalazio Parte-hartzailean espezializatua dago. Instalazio\nParte-hartzailea Kaleko Arteetan kokatzen den diziplina berezia da, eta obra\noriginalak garatzen ditu. Obra horiek jolasa edo interakzioa erabiltzen dituzte\nistorio unibertsalak kontatzeko modu gisa.<\/p><p>Entretenimendutik haratago, instalazioek publikoa lehenengo pertsonan itauntzen dute. Publikoa hunkitzen dute.<\/p><p>Dinamika dramaturgikoak erabiliz, publikoa obraren erdigunean kokatzen da\neta bertatik itauntzen du. Hala, instalazioek eszenifikazio eraldatzaile bat\neragiten dute: beren estrukturekin espazio fisikoa eraldatzen duten bezala,\npublikoaren rola ere eraldatzen dute, ikusleak protagonista bilakatuz.<\/p>\t\t\t\t\t\t\t\t<\/div>\n\t\t\t\t<\/div>\n\t\t\t\t<\/div>\n\t\t\t\t<\/div>\n\t\t\t\t<\/div>\n\t\t\t\t\t<\/div>\n\t\t\t\t<\/div>\n\t\t<div class=\"elementor-element elementor-element-2e091c6 e-flex e-con-boxed e-con e-parent\" data-id=\"2e091c6\" data-element_type=\"container\" data-settings=\"{&quot;background_background&quot;:&quot;classic&quot;}\">\n\t\t\t\t\t<div class=\"e-con-inner\">\n\t\t<div class=\"elementor-element elementor-element-43702af e-con-full e-flex e-con e-child\" data-id=\"43702af\" data-element_type=\"container\">\n\t\t\t\t<div class=\"elementor-element elementor-element-2b8758a elementor-widget elementor-widget-menu-anchor\" data-id=\"2b8758a\" data-element_type=\"widget\" data-widget_type=\"menu-anchor.default\">\n\t\t\t\t<div class=\"elementor-widget-container\">\n\t\t\t\t\t\t\t<div class=\"elementor-menu-anchor\" id=\"quienes-somos\"><\/div>\n\t\t\t\t\t\t<\/div>\n\t\t\t\t<\/div>\n\t\t\t\t<div class=\"elementor-element elementor-element-778d023 elementor-widget-divider--view-line elementor-widget elementor-widget-divider\" data-id=\"778d023\" data-element_type=\"widget\" data-widget_type=\"divider.default\">\n\t\t\t\t<div class=\"elementor-widget-container\">\n\t\t\t\t\t\t\t<div class=\"elementor-divider\">\n\t\t\t<span class=\"elementor-divider-separator\">\n\t\t\t\t\t\t<\/span>\n\t\t<\/div>\n\t\t\t\t\t\t<\/div>\n\t\t\t\t<\/div>\n\t\t\t\t<div class=\"elementor-element elementor-element-2e6c8a3 elementor-widget elementor-widget-heading\" data-id=\"2e6c8a3\" data-element_type=\"widget\" data-widget_type=\"heading.default\">\n\t\t\t\t<div class=\"elementor-widget-container\">\n\t\t\t\t\t<h1 class=\"elementor-heading-title elementor-size-default\">Nor gara<\/h1>\t\t\t\t<\/div>\n\t\t\t\t<\/div>\n\t\t\t\t<div class=\"elementor-element elementor-element-c36a43b elementor-widget elementor-widget-gallery\" data-id=\"c36a43b\" data-element_type=\"widget\" data-settings=\"{&quot;columns&quot;:3,&quot;aspect_ratio&quot;:&quot;1:1&quot;,&quot;overlay_title&quot;:&quot;title&quot;,&quot;overlay_description&quot;:&quot;description&quot;,&quot;lazyload&quot;:&quot;yes&quot;,&quot;gallery_layout&quot;:&quot;grid&quot;,&quot;columns_tablet&quot;:2,&quot;columns_mobile&quot;:1,&quot;gap&quot;:{&quot;unit&quot;:&quot;px&quot;,&quot;size&quot;:10,&quot;sizes&quot;:[]},&quot;gap_tablet&quot;:{&quot;unit&quot;:&quot;px&quot;,&quot;size&quot;:10,&quot;sizes&quot;:[]},&quot;gap_mobile&quot;:{&quot;unit&quot;:&quot;px&quot;,&quot;size&quot;:10,&quot;sizes&quot;:[]},&quot;link_to&quot;:&quot;file&quot;,&quot;overlay_background&quot;:&quot;yes&quot;,&quot;content_hover_animation&quot;:&quot;fade-in&quot;}\" data-widget_type=\"gallery.default\">\n\t\t\t\t<div class=\"elementor-widget-container\">\n\t\t\t\t\t\t\t<div class=\"elementor-gallery__container\">\n\t\t\t\t\t\t\t<a class=\"e-gallery-item elementor-gallery-item elementor-animated-content\" href=\"https:\/\/itinerania.com\/wp-content\/uploads\/2024\/08\/1.jpg\" data-elementor-open-lightbox=\"yes\" data-elementor-lightbox-slideshow=\"c36a43b\" data-elementor-lightbox-title=\"Itinerania-Paco Hern\u00e1ndez | Fundador\" data-elementor-lightbox-description=\"Paco con una cinta &quot;chaperton&quot; en las manos durante el preestreno de LABERINT II en Baleny\u00e0\" data-e-action-hash=\"#elementor-action%3Aaction%3Dlightbox%26settings%3DeyJpZCI6MzMxNSwidXJsIjoiaHR0cHM6XC9cL2l0aW5lcmFuaWEuY29tXC93cC1jb250ZW50XC91cGxvYWRzXC8yMDI0XC8wOFwvMS5qcGciLCJzbGlkZXNob3ciOiJjMzZhNDNiIn0%3D\">\n\t\t\t\t\t<div class=\"e-gallery-image elementor-gallery-item__image\" data-thumbnail=\"https:\/\/itinerania.com\/wp-content\/uploads\/2024\/08\/1.jpg\" data-width=\"1080\" data-height=\"1080\" aria-label=\"Paco con una cinta &quot;chaperton&quot; en las manos durante el preestreno de LABERINT II en Baleny\u00e0\" role=\"img\" ><\/div>\n\t\t\t\t\t\t\t\t\t\t\t<div class=\"elementor-gallery-item__overlay\"><\/div>\n\t\t\t\t\t\t\t\t\t\t\t\t\t\t\t<div class=\"elementor-gallery-item__content\">\n\t\t\t\t\t\t\t\t\t\t\t\t\t\t<div class=\"elementor-gallery-item__title\">\n\t\t\t\t\t\t\t\t\t\t\t\t\t\t\t\t\t\tItinerania-Paco Hern\u00e1ndez | Fundador\t\t\t\t\t\t\t\t<\/div>\n\t\t\t\t\t\t\t\t\t\t\t\t\t\t\t<div class=\"elementor-gallery-item__description\">\n\t\t\t\t\t\t\t\t\t\t\t\t\t\t\t\t\t\tPaco con una cinta \"chaperton\" en las manos durante el preestreno de LABERINT II en Baleny\u00e0\t\t\t\t\t\t\t\t<\/div>\n\t\t\t\t\t\t\t\t\t\t\t\t<\/div>\n\t\t\t\t\t\t\t\t\t<\/a>\n\t\t\t\t\t\t\t<a class=\"e-gallery-item elementor-gallery-item elementor-animated-content\" href=\"https:\/\/itinerania.com\/wp-content\/uploads\/2024\/08\/2.jpg\" data-elementor-open-lightbox=\"yes\" data-elementor-lightbox-slideshow=\"c36a43b\" data-elementor-lightbox-title=\"Itinerania-Furti Coromina  | Fundador\" data-elementor-lightbox-description=\"Furti portando una pared, durante el preestreno de LABERINT II en Baleny\u00e0\" data-e-action-hash=\"#elementor-action%3Aaction%3Dlightbox%26settings%3DeyJpZCI6MzMxNiwidXJsIjoiaHR0cHM6XC9cL2l0aW5lcmFuaWEuY29tXC93cC1jb250ZW50XC91cGxvYWRzXC8yMDI0XC8wOFwvMi5qcGciLCJzbGlkZXNob3ciOiJjMzZhNDNiIn0%3D\">\n\t\t\t\t\t<div class=\"e-gallery-image elementor-gallery-item__image\" data-thumbnail=\"https:\/\/itinerania.com\/wp-content\/uploads\/2024\/08\/2.jpg\" data-width=\"1080\" data-height=\"1080\" aria-label=\"Furti portando una pared, durante el preestreno de LABERINT II en Baleny\u00e0\" role=\"img\" ><\/div>\n\t\t\t\t\t\t\t\t\t\t\t<div class=\"elementor-gallery-item__overlay\"><\/div>\n\t\t\t\t\t\t\t\t\t\t\t\t\t\t\t<div class=\"elementor-gallery-item__content\">\n\t\t\t\t\t\t\t\t\t\t\t\t\t\t<div class=\"elementor-gallery-item__title\">\n\t\t\t\t\t\t\t\t\t\t\t\t\t\t\t\t\t\tItinerania-Furti Coromina  | Fundador\t\t\t\t\t\t\t\t<\/div>\n\t\t\t\t\t\t\t\t\t\t\t\t\t\t\t<div class=\"elementor-gallery-item__description\">\n\t\t\t\t\t\t\t\t\t\t\t\t\t\t\t\t\t\tFurti portando una pared, durante el preestreno de LABERINT II en Baleny\u00e0\t\t\t\t\t\t\t\t<\/div>\n\t\t\t\t\t\t\t\t\t\t\t\t<\/div>\n\t\t\t\t\t\t\t\t\t<\/a>\n\t\t\t\t\t\t\t<a class=\"e-gallery-item elementor-gallery-item elementor-animated-content\" href=\"https:\/\/itinerania.com\/wp-content\/uploads\/2024\/08\/3.jpg\" data-elementor-open-lightbox=\"yes\" data-elementor-lightbox-slideshow=\"c36a43b\" data-elementor-lightbox-title=\"Itinerania-Koldo Pe\u00f1as | T\u00e9cnico\" data-elementor-lightbox-description=\"Koldo en el taller de Itiner\u00e0nia pintando una puerta de EL LABERINT\" data-e-action-hash=\"#elementor-action%3Aaction%3Dlightbox%26settings%3DeyJpZCI6MzMxNywidXJsIjoiaHR0cHM6XC9cL2l0aW5lcmFuaWEuY29tXC93cC1jb250ZW50XC91cGxvYWRzXC8yMDI0XC8wOFwvMy5qcGciLCJzbGlkZXNob3ciOiJjMzZhNDNiIn0%3D\">\n\t\t\t\t\t<div class=\"e-gallery-image elementor-gallery-item__image\" data-thumbnail=\"https:\/\/itinerania.com\/wp-content\/uploads\/2024\/08\/3.jpg\" data-width=\"1080\" data-height=\"1080\" aria-label=\"Koldo en el taller de Itiner\u00e0nia pintando una puerta de EL LABERINT\" role=\"img\" ><\/div>\n\t\t\t\t\t\t\t\t\t\t\t<div class=\"elementor-gallery-item__overlay\"><\/div>\n\t\t\t\t\t\t\t\t\t\t\t\t\t\t\t<div class=\"elementor-gallery-item__content\">\n\t\t\t\t\t\t\t\t\t\t\t\t\t\t<div class=\"elementor-gallery-item__title\">\n\t\t\t\t\t\t\t\t\t\t\t\t\t\t\t\t\t\tItinerania-Koldo Pe\u00f1as | T\u00e9cnico\t\t\t\t\t\t\t\t<\/div>\n\t\t\t\t\t\t\t\t\t\t\t\t\t\t\t<div class=\"elementor-gallery-item__description\">\n\t\t\t\t\t\t\t\t\t\t\t\t\t\t\t\t\t\tKoldo en el taller de Itiner\u00e0nia pintando una puerta de EL LABERINT\t\t\t\t\t\t\t\t<\/div>\n\t\t\t\t\t\t\t\t\t\t\t\t<\/div>\n\t\t\t\t\t\t\t\t\t<\/a>\n\t\t\t\t\t\t\t<a class=\"e-gallery-item elementor-gallery-item elementor-animated-content\" href=\"https:\/\/itinerania.com\/wp-content\/uploads\/2024\/08\/4.jpg\" data-elementor-open-lightbox=\"yes\" data-elementor-lightbox-slideshow=\"c36a43b\" data-elementor-lightbox-title=\"Itinerania-Fina_la_ina  | T\u00e9cnica\" data-elementor-lightbox-description=\"Fina posa en primer plano con una flor roja en el pelo, unos pendientes largos y su m\u00edtico &quot;catacrosquis&quot; al cuello\" data-e-action-hash=\"#elementor-action%3Aaction%3Dlightbox%26settings%3DeyJpZCI6MzMxOCwidXJsIjoiaHR0cHM6XC9cL2l0aW5lcmFuaWEuY29tXC93cC1jb250ZW50XC91cGxvYWRzXC8yMDI0XC8wOFwvNC5qcGciLCJzbGlkZXNob3ciOiJjMzZhNDNiIn0%3D\">\n\t\t\t\t\t<div class=\"e-gallery-image elementor-gallery-item__image\" data-thumbnail=\"https:\/\/itinerania.com\/wp-content\/uploads\/2024\/08\/4.jpg\" data-width=\"1080\" data-height=\"1080\" aria-label=\"Fina posa en primer plano con una flor roja en el pelo, unos pendientes largos y su m\u00edtico &quot;catacrosquis&quot; al cuello\" role=\"img\" ><\/div>\n\t\t\t\t\t\t\t\t\t\t\t<div class=\"elementor-gallery-item__overlay\"><\/div>\n\t\t\t\t\t\t\t\t\t\t\t\t\t\t\t<div class=\"elementor-gallery-item__content\">\n\t\t\t\t\t\t\t\t\t\t\t\t\t\t<div class=\"elementor-gallery-item__title\">\n\t\t\t\t\t\t\t\t\t\t\t\t\t\t\t\t\t\tItinerania-Fina_la_ina  | T\u00e9cnica\t\t\t\t\t\t\t\t<\/div>\n\t\t\t\t\t\t\t\t\t\t\t\t\t\t\t<div class=\"elementor-gallery-item__description\">\n\t\t\t\t\t\t\t\t\t\t\t\t\t\t\t\t\t\tFina posa en primer plano con una flor roja en el pelo, unos pendientes largos y su m\u00edtico \"catacrosquis\" al cuello\r\n\t\t\t\t\t\t\t\t<\/div>\n\t\t\t\t\t\t\t\t\t\t\t\t<\/div>\n\t\t\t\t\t\t\t\t\t<\/a>\n\t\t\t\t\t\t\t<a class=\"e-gallery-item elementor-gallery-item elementor-animated-content\" href=\"https:\/\/itinerania.com\/wp-content\/uploads\/2024\/08\/5.jpg\" data-elementor-open-lightbox=\"yes\" data-elementor-lightbox-slideshow=\"c36a43b\" data-elementor-lightbox-title=\"Itinerania-Xabi Borinaga | T\u00e9cnico\" data-elementor-lightbox-description=\"Xabi con mirada concentrada, en el taller de Itiner\u00e0nia pintando una pared de EL LABERINT\" data-e-action-hash=\"#elementor-action%3Aaction%3Dlightbox%26settings%3DeyJpZCI6MzMxOSwidXJsIjoiaHR0cHM6XC9cL2l0aW5lcmFuaWEuY29tXC93cC1jb250ZW50XC91cGxvYWRzXC8yMDI0XC8wOFwvNS5qcGciLCJzbGlkZXNob3ciOiJjMzZhNDNiIn0%3D\">\n\t\t\t\t\t<div class=\"e-gallery-image elementor-gallery-item__image\" data-thumbnail=\"https:\/\/itinerania.com\/wp-content\/uploads\/2024\/08\/5.jpg\" data-width=\"1080\" data-height=\"1080\" aria-label=\"Xabi con mirada concentrada, en el taller de Itiner\u00e0nia pintando una pared de EL LABERINT\" role=\"img\" ><\/div>\n\t\t\t\t\t\t\t\t\t\t\t<div class=\"elementor-gallery-item__overlay\"><\/div>\n\t\t\t\t\t\t\t\t\t\t\t\t\t\t\t<div class=\"elementor-gallery-item__content\">\n\t\t\t\t\t\t\t\t\t\t\t\t\t\t<div class=\"elementor-gallery-item__title\">\n\t\t\t\t\t\t\t\t\t\t\t\t\t\t\t\t\t\tItinerania-Xabi Borinaga | T\u00e9cnico\t\t\t\t\t\t\t\t<\/div>\n\t\t\t\t\t\t\t\t\t\t\t\t\t\t\t<div class=\"elementor-gallery-item__description\">\n\t\t\t\t\t\t\t\t\t\t\t\t\t\t\t\t\t\tXabi con mirada concentrada, en el taller de Itiner\u00e0nia pintando una pared de EL LABERINT\t\t\t\t\t\t\t\t<\/div>\n\t\t\t\t\t\t\t\t\t\t\t\t<\/div>\n\t\t\t\t\t\t\t\t\t<\/a>\n\t\t\t\t\t<\/div>\n\t\t\t\t\t<\/div>\n\t\t\t\t<\/div>\n\t\t\t\t<\/div>\n\t\t\t\t\t<\/div>\n\t\t\t\t<\/div>\n\t\t\t\t<\/div>","protected":false},"excerpt":{"rendered":"<p>La compa\u00f1\u00eda Itiner\u00e0nia es una compa\u00f1\u00eda especializada en la Instalaci\u00f3n Participativa, una disciplina particular dentro de las Artes de Calle. Desarrolla obras originales, que utilizan el juego o la interacci\u00f3n como lenguaje para contar historias universales. M\u00e1s all\u00e1 de entretener, las instalaciones emocionan e interpelan al p\u00fablico en primera persona. Con din\u00e1micas dramat\u00fargicas que sit\u00faan [&hellip;]<\/p>","protected":false},"author":1,"featured_media":0,"parent":0,"menu_order":0,"comment_status":"closed","ping_status":"closed","template":"","meta":{"_acf_changed":false,"footnotes":""},"class_list":["post-2055","page","type-page","status-publish","hentry"],"acf":[],"_links":{"self":[{"href":"https:\/\/itinerania.com\/eu\/wp-json\/wp\/v2\/pages\/2055","targetHints":{"allow":["GET"]}}],"collection":[{"href":"https:\/\/itinerania.com\/eu\/wp-json\/wp\/v2\/pages"}],"about":[{"href":"https:\/\/itinerania.com\/eu\/wp-json\/wp\/v2\/types\/page"}],"author":[{"embeddable":true,"href":"https:\/\/itinerania.com\/eu\/wp-json\/wp\/v2\/users\/1"}],"replies":[{"embeddable":true,"href":"https:\/\/itinerania.com\/eu\/wp-json\/wp\/v2\/comments?post=2055"}],"version-history":[{"count":5,"href":"https:\/\/itinerania.com\/eu\/wp-json\/wp\/v2\/pages\/2055\/revisions"}],"predecessor-version":[{"id":4773,"href":"https:\/\/itinerania.com\/eu\/wp-json\/wp\/v2\/pages\/2055\/revisions\/4773"}],"wp:attachment":[{"href":"https:\/\/itinerania.com\/eu\/wp-json\/wp\/v2\/media?parent=2055"}],"curies":[{"name":"wp","href":"https:\/\/api.w.org\/{rel}","templated":true}]}}