{"id":4754,"date":"2025-11-10T16:51:30","date_gmt":"2025-11-10T16:51:30","guid":{"rendered":"https:\/\/itinerania.com\/?page_id=4754"},"modified":"2025-11-12T17:32:06","modified_gmt":"2025-11-12T17:32:06","slug":"combo20","status":"publish","type":"page","link":"https:\/\/itinerania.com\/en\/combo20\/","title":{"rendered":"COMBO20"},"content":{"rendered":"<div data-elementor-type=\"wp-page\" data-elementor-id=\"4754\" class=\"elementor elementor-4754\" data-elementor-post-type=\"page\">\n\t\t\t\t<div class=\"elementor-element elementor-element-601e7aed e-flex e-con-boxed e-con e-parent\" data-id=\"601e7aed\" data-element_type=\"container\">\n\t\t\t\t\t<div class=\"e-con-inner\">\n\t\t\t\t<div class=\"elementor-element elementor-element-19a1bdb elementor-widget elementor-widget-heading\" data-id=\"19a1bdb\" data-element_type=\"widget\" data-widget_type=\"heading.default\">\n\t\t\t\t<div class=\"elementor-widget-container\">\n\t\t\t\t\t<h2 class=\"elementor-heading-title elementor-size-default\">COMBO20<\/h2>\t\t\t\t<\/div>\n\t\t\t\t<\/div>\n\t\t\t\t<div class=\"elementor-element elementor-element-3db3200 elementor-widget__width-initial elementor-widget-mobile__width-inherit elementor-widget elementor-widget-text-editor\" data-id=\"3db3200\" data-element_type=\"widget\" data-widget_type=\"text-editor.default\">\n\t\t\t\t<div class=\"elementor-widget-container\">\n\t\t\t\t\t\t\t\t\t<p>Celebramos 20 a\u00f1os de creaci\u00f3n art\u00edstica de calle (invierno 2026-2027) con la presentaci\u00f3n simult\u00e1nea de todas nuestras obras. Estar\u00e1 acompa\u00f1ada de la exposici\u00f3n \u201cItiner\u00e0nia20-Proceso Creativos\u201d, un conjunto de fotos, planos y an\u00e9cdotas con detalles del proceso creativo de cada obra. Combo 20 es una instalaci\u00f3n de gran formato (2.700m2, 1.000 pers\/h), disponible para las temporadas 2026-2027, compuesta por EL LABERINT, EL GRAN LABERINT, EL LABERINTO DEL CUCO, TITERET\u00da, ESCAPE CARAVANA, EL CRUCE y la expo ITINER\u00c0NIA20.<\/p>\t\t\t\t\t\t\t\t<\/div>\n\t\t\t\t<\/div>\n\t\t\t\t<div class=\"elementor-element elementor-element-8457dd elementor-widget elementor-widget-text-editor\" data-id=\"8457dd\" data-element_type=\"widget\" data-widget_type=\"text-editor.default\">\n\t\t\t\t<div class=\"elementor-widget-container\">\n\t\t\t\t\t\t\t\t\t<p><img fetchpriority=\"high\" decoding=\"async\" class=\"aligncenter wp-image-4755 size-full\" src=\"https:\/\/itinerania.com\/wp-content\/uploads\/2025\/11\/combo20.jpg\" alt=\"\" width=\"550\" height=\"604\" srcset=\"https:\/\/itinerania.com\/wp-content\/uploads\/2025\/11\/combo20.jpg 550w, https:\/\/itinerania.com\/wp-content\/uploads\/2025\/11\/combo20-273x300.jpg 273w, https:\/\/itinerania.com\/wp-content\/uploads\/2025\/11\/combo20-11x12.jpg 11w\" sizes=\"(max-width: 550px) 100vw, 550px\" \/><\/p><p><div style=\"width: 800px;\" class=\"wp-video\"><video class=\"wp-video-shortcode\" id=\"video-4754-1\" width=\"800\" height=\"450\" loop preload=\"auto\" controls=\"controls\"><source type=\"video\/mp4\" src=\"https:\/\/itinerania.com\/wp-content\/uploads\/2025\/11\/Itinerania-works-1.mp4?_=1\" \/><a href=\"https:\/\/itinerania.com\/wp-content\/uploads\/2025\/11\/Itinerania-works-1.mp4\">https:\/\/itinerania.com\/wp-content\/uploads\/2025\/11\/Itinerania-works-1.mp4<\/a><\/video><\/div><\/p>\t\t\t\t\t\t\t\t<\/div>\n\t\t\t\t<\/div>\n\t\t\t\t\t<\/div>\n\t\t\t\t<\/div>\n\t\t\t\t<\/div>","protected":false},"excerpt":{"rendered":"<p>Celebramos 20 a\u00f1os de creaci\u00f3n art\u00edstica de calle (invierno 2026-2027) con la presentaci\u00f3n simult\u00e1nea de todas nuestras obras. Estar\u00e1 acompa\u00f1ada de la exposici\u00f3n \u201cItiner\u00e0nia20-Proceso Creativos\u201d, un conjunto de fotos, planos y an\u00e9cdotas con detalles del proceso creativo de cada obra. Combo 20 es una instalaci\u00f3n de gran formato (2.700m2, 1.000 pers\/h), disponible para las temporadas [&hellip;]<\/p>","protected":false},"author":1,"featured_media":0,"parent":0,"menu_order":0,"comment_status":"closed","ping_status":"closed","template":"","meta":{"_acf_changed":false,"footnotes":""},"class_list":["post-4754","page","type-page","status-publish","hentry"],"acf":[],"_links":{"self":[{"href":"https:\/\/itinerania.com\/en\/wp-json\/wp\/v2\/pages\/4754","targetHints":{"allow":["GET"]}}],"collection":[{"href":"https:\/\/itinerania.com\/en\/wp-json\/wp\/v2\/pages"}],"about":[{"href":"https:\/\/itinerania.com\/en\/wp-json\/wp\/v2\/types\/page"}],"author":[{"embeddable":true,"href":"https:\/\/itinerania.com\/en\/wp-json\/wp\/v2\/users\/1"}],"replies":[{"embeddable":true,"href":"https:\/\/itinerania.com\/en\/wp-json\/wp\/v2\/comments?post=4754"}],"version-history":[{"count":5,"href":"https:\/\/itinerania.com\/en\/wp-json\/wp\/v2\/pages\/4754\/revisions"}],"predecessor-version":[{"id":4809,"href":"https:\/\/itinerania.com\/en\/wp-json\/wp\/v2\/pages\/4754\/revisions\/4809"}],"wp:attachment":[{"href":"https:\/\/itinerania.com\/en\/wp-json\/wp\/v2\/media?parent=4754"}],"curies":[{"name":"wp","href":"https:\/\/api.w.org\/{rel}","templated":true}]}}