{"id":4499,"date":"2025-03-06T09:45:59","date_gmt":"2025-03-06T09:45:59","guid":{"rendered":"https:\/\/itinerania.com\/?page_id=4499"},"modified":"2025-04-18T08:57:09","modified_gmt":"2025-04-18T08:57:09","slug":"laberintu","status":"publish","type":"page","link":"https:\/\/itinerania.com\/en\/instalaciones-itinerania\/laberintu\/","title":{"rendered":"LaberinT\u00da"},"content":{"rendered":"<h2>MAZE DESIGN AND ASSEMBLY WORKSHOP<\/h2>\n<p>A complementary activity to the programming of the installations EL LABERINT and LABERINT II, aimed at people who are willing to cross the boundary between public and artist. We will join and create with others something new and unique: this unrepeatable labyrinth that we will design and assemble together, which will be installed for the\ngeneral public.<\/p>","protected":false},"excerpt":{"rendered":"<p>TALLER DE DISE\u00d1O Y MONTAJE DE LABERINTOS Actividad complementaria a la programaci\u00f3n de las\u00a0 instalaciones EL LABERINT y\u00a0 LABERINT II, orientado a personas con ganas de\u00a0 traspasar la l\u00ednea entre p\u00fablico y artista. Sumaremos y crearemos con otras personas para promover algo \u00fanico: un laberinto irrepetible que dise\u00f1aremos y montaremos juntas, instalado para el p\u00fablico [&hellip;]<\/p>","protected":false},"author":1,"featured_media":4500,"parent":3115,"menu_order":0,"comment_status":"closed","ping_status":"closed","template":"","meta":{"_acf_changed":false,"footnotes":""},"class_list":["post-4499","page","type-page","status-publish","has-post-thumbnail","hentry"],"acf":[],"_links":{"self":[{"href":"https:\/\/itinerania.com\/en\/wp-json\/wp\/v2\/pages\/4499","targetHints":{"allow":["GET"]}}],"collection":[{"href":"https:\/\/itinerania.com\/en\/wp-json\/wp\/v2\/pages"}],"about":[{"href":"https:\/\/itinerania.com\/en\/wp-json\/wp\/v2\/types\/page"}],"author":[{"embeddable":true,"href":"https:\/\/itinerania.com\/en\/wp-json\/wp\/v2\/users\/1"}],"replies":[{"embeddable":true,"href":"https:\/\/itinerania.com\/en\/wp-json\/wp\/v2\/comments?post=4499"}],"version-history":[{"count":5,"href":"https:\/\/itinerania.com\/en\/wp-json\/wp\/v2\/pages\/4499\/revisions"}],"predecessor-version":[{"id":4659,"href":"https:\/\/itinerania.com\/en\/wp-json\/wp\/v2\/pages\/4499\/revisions\/4659"}],"up":[{"embeddable":true,"href":"https:\/\/itinerania.com\/en\/wp-json\/wp\/v2\/pages\/3115"}],"wp:featuredmedia":[{"embeddable":true,"href":"https:\/\/itinerania.com\/en\/wp-json\/wp\/v2\/media\/4500"}],"wp:attachment":[{"href":"https:\/\/itinerania.com\/en\/wp-json\/wp\/v2\/media?parent=4499"}],"curies":[{"name":"wp","href":"https:\/\/api.w.org\/{rel}","templated":true}]}}