{"id":3183,"date":"2024-08-18T15:24:19","date_gmt":"2024-08-18T15:24:19","guid":{"rendered":"https:\/\/itinerania.com\/?page_id=3183"},"modified":"2025-06-03T20:58:40","modified_gmt":"2025-06-03T20:58:40","slug":"el-cruce","status":"publish","type":"page","link":"https:\/\/itinerania.com\/ca\/instalaciones-itinerania\/el-cruce\/","title":{"rendered":"El Cruce"},"content":{"rendered":"<p class=\"font_8\">El Cruce (sense text\/a partir de 4 anys) \u00e9s un espectacle de teatre d'objectes ple de senzillesa i poesia visual, tot manipulant un joc de tangram. Narra una hist\u00f2ria sobre el coratge i la recerca d'alternatives davant d'una cru\u00eflla que sembla no tenir cap sortida.<\/p>\n<p>Sessi\u00f3 continua amb funcions de 20 minuts<\/p>\n<p>Outdoor: a l'interior de LA CARPA A2MANOS<\/p>\n<p>Indoor: sense carpa, en espais \u00edntims amb el p\u00fablic molt proper<\/p>\n<p class=\"font_8\">","protected":false},"excerpt":{"rendered":"<p>El Cruce (sin texto \/ a partir de 4 a\u00f1os) es un espect\u00e1culo de teatro de objetos lleno de sencillez y poes\u00eda visual, manipulando un juego de tangram. Narra una historia sobre el coraje y la b\u00fasqueda de alternativas ante un cruce que parece no tener salida. Sesi\u00f3n continua con funciones de 20 minutos. Outdoor [&hellip;]<\/p>","protected":false},"author":1,"featured_media":2615,"parent":3115,"menu_order":0,"comment_status":"closed","ping_status":"closed","template":"","meta":{"_acf_changed":false,"footnotes":""},"class_list":["post-3183","page","type-page","status-publish","has-post-thumbnail","hentry"],"acf":[],"_links":{"self":[{"href":"https:\/\/itinerania.com\/ca\/wp-json\/wp\/v2\/pages\/3183","targetHints":{"allow":["GET"]}}],"collection":[{"href":"https:\/\/itinerania.com\/ca\/wp-json\/wp\/v2\/pages"}],"about":[{"href":"https:\/\/itinerania.com\/ca\/wp-json\/wp\/v2\/types\/page"}],"author":[{"embeddable":true,"href":"https:\/\/itinerania.com\/ca\/wp-json\/wp\/v2\/users\/1"}],"replies":[{"embeddable":true,"href":"https:\/\/itinerania.com\/ca\/wp-json\/wp\/v2\/comments?post=3183"}],"version-history":[{"count":5,"href":"https:\/\/itinerania.com\/ca\/wp-json\/wp\/v2\/pages\/3183\/revisions"}],"predecessor-version":[{"id":4750,"href":"https:\/\/itinerania.com\/ca\/wp-json\/wp\/v2\/pages\/3183\/revisions\/4750"}],"up":[{"embeddable":true,"href":"https:\/\/itinerania.com\/ca\/wp-json\/wp\/v2\/pages\/3115"}],"wp:featuredmedia":[{"embeddable":true,"href":"https:\/\/itinerania.com\/ca\/wp-json\/wp\/v2\/media\/2615"}],"wp:attachment":[{"href":"https:\/\/itinerania.com\/ca\/wp-json\/wp\/v2\/media?parent=3183"}],"curies":[{"name":"wp","href":"https:\/\/api.w.org\/{rel}","templated":true}]}}