{"id":3148,"date":"2024-08-18T14:59:01","date_gmt":"2024-08-18T14:59:01","guid":{"rendered":"https:\/\/itinerania.com\/?page_id=3148"},"modified":"2025-03-24T10:04:20","modified_gmt":"2025-03-24T10:04:20","slug":"el-gran-laberint","status":"publish","type":"page","link":"https:\/\/itinerania.com\/ca\/instalaciones-itinerania\/el-gran-laberint\/","title":{"rendered":"El Gran Laberint"},"content":{"rendered":"<p class=\"font_8\">\u00c9s un laberint multicursal de gran format, que combina alguns dels desafiaments mec\u00e0nics i enigmes visuals d'anteriors laberints. Una estructura semitransparent que transforma l'espai deixant entreveure part del seu contingut.<\/p>\n<p class=\"font_8\">Atrets per la seva curiositat, el p\u00fablic s'endinsa en una trama de camins i corbes que resulta a la vegada un joc i una performance gr\u00e0cies a la seva interacci\u00f3 amb l'obra.<\/p>","protected":false},"excerpt":{"rendered":"<p>Es un laberinto multicursal de gran formato, que combina algunos de los desaf\u00edos mec\u00e1nicos y enigmas visuales de anteriores laberintos. Una estructura semitransparente que transforma el espacio dejando entrever parte de su contenido. Atra\u00eddos por su curiosidad, el p\u00fablico se adentra en un entramado de caminos y curvas que resulta a la vez un juego [&hellip;]<\/p>","protected":false},"author":1,"featured_media":2129,"parent":3115,"menu_order":0,"comment_status":"closed","ping_status":"closed","template":"","meta":{"_acf_changed":false,"footnotes":""},"class_list":["post-3148","page","type-page","status-publish","has-post-thumbnail","hentry"],"acf":[],"_links":{"self":[{"href":"https:\/\/itinerania.com\/ca\/wp-json\/wp\/v2\/pages\/3148","targetHints":{"allow":["GET"]}}],"collection":[{"href":"https:\/\/itinerania.com\/ca\/wp-json\/wp\/v2\/pages"}],"about":[{"href":"https:\/\/itinerania.com\/ca\/wp-json\/wp\/v2\/types\/page"}],"author":[{"embeddable":true,"href":"https:\/\/itinerania.com\/ca\/wp-json\/wp\/v2\/users\/1"}],"replies":[{"embeddable":true,"href":"https:\/\/itinerania.com\/ca\/wp-json\/wp\/v2\/comments?post=3148"}],"version-history":[{"count":5,"href":"https:\/\/itinerania.com\/ca\/wp-json\/wp\/v2\/pages\/3148\/revisions"}],"predecessor-version":[{"id":4627,"href":"https:\/\/itinerania.com\/ca\/wp-json\/wp\/v2\/pages\/3148\/revisions\/4627"}],"up":[{"embeddable":true,"href":"https:\/\/itinerania.com\/ca\/wp-json\/wp\/v2\/pages\/3115"}],"wp:featuredmedia":[{"embeddable":true,"href":"https:\/\/itinerania.com\/ca\/wp-json\/wp\/v2\/media\/2129"}],"wp:attachment":[{"href":"https:\/\/itinerania.com\/ca\/wp-json\/wp\/v2\/media?parent=3148"}],"curies":[{"name":"wp","href":"https:\/\/api.w.org\/{rel}","templated":true}]}}