{"id":3146,"date":"2024-08-18T14:58:02","date_gmt":"2024-08-18T14:58:02","guid":{"rendered":"https:\/\/itinerania.com\/?page_id=3146"},"modified":"2025-03-25T08:05:20","modified_gmt":"2025-03-25T08:05:20","slug":"escape-caravana","status":"publish","type":"page","link":"https:\/\/itinerania.com\/ca\/instalaciones-itinerania\/escape-caravana\/","title":{"rendered":"Escape Caravana"},"content":{"rendered":"<p>Una misteriosa caravana que amaga un crim. L\u2019enginy dels participants-espectadors ser\u00e0 imprescindible per posar en marxa el mecanisme que permetr\u00e0 con\u00e8ixer la veritable hist\u00f2ria i saber finalment: <strong>Qui va matar el meu <\/strong><strong>conill?<\/strong><\/p>","protected":false},"excerpt":{"rendered":"<p>Una misteriosa caravana que esconde un crimen. Ser\u00e1 imprescindible el ingenio de los participantes-espectadores que, una vez dentro, pondr\u00e1n en marcha el mecanismo que permitir\u00e1 conocer la verdadera historia y saber finalmente: \u00bfqui\u00e9n mat\u00f3 a mi conejo?<\/p>","protected":false},"author":1,"featured_media":2132,"parent":3115,"menu_order":0,"comment_status":"closed","ping_status":"closed","template":"","meta":{"_acf_changed":false,"footnotes":""},"class_list":["post-3146","page","type-page","status-publish","has-post-thumbnail","hentry"],"acf":[],"_links":{"self":[{"href":"https:\/\/itinerania.com\/ca\/wp-json\/wp\/v2\/pages\/3146","targetHints":{"allow":["GET"]}}],"collection":[{"href":"https:\/\/itinerania.com\/ca\/wp-json\/wp\/v2\/pages"}],"about":[{"href":"https:\/\/itinerania.com\/ca\/wp-json\/wp\/v2\/types\/page"}],"author":[{"embeddable":true,"href":"https:\/\/itinerania.com\/ca\/wp-json\/wp\/v2\/users\/1"}],"replies":[{"embeddable":true,"href":"https:\/\/itinerania.com\/ca\/wp-json\/wp\/v2\/comments?post=3146"}],"version-history":[{"count":5,"href":"https:\/\/itinerania.com\/ca\/wp-json\/wp\/v2\/pages\/3146\/revisions"}],"predecessor-version":[{"id":4631,"href":"https:\/\/itinerania.com\/ca\/wp-json\/wp\/v2\/pages\/3146\/revisions\/4631"}],"up":[{"embeddable":true,"href":"https:\/\/itinerania.com\/ca\/wp-json\/wp\/v2\/pages\/3115"}],"wp:featuredmedia":[{"embeddable":true,"href":"https:\/\/itinerania.com\/ca\/wp-json\/wp\/v2\/media\/2132"}],"wp:attachment":[{"href":"https:\/\/itinerania.com\/ca\/wp-json\/wp\/v2\/media?parent=3146"}],"curies":[{"name":"wp","href":"https:\/\/api.w.org\/{rel}","templated":true}]}}