{"id":3144,"date":"2024-08-18T14:56:06","date_gmt":"2024-08-18T14:56:06","guid":{"rendered":"https:\/\/itinerania.com\/?page_id=3144"},"modified":"2025-03-25T12:06:32","modified_gmt":"2025-03-25T12:06:32","slug":"laberint-ii","status":"publish","type":"page","link":"https:\/\/itinerania.com\/ca\/instalaciones-itinerania\/laberint-ii\/","title":{"rendered":"Laberint II"},"content":{"rendered":"<p>\u00c9s un mar de parets de colors ple d'encreuaments, que desafien els participants m\u00e9s intr\u00e8pids amb enigmes visuals i portes d'habilitat. Molts camins per\u00f2 nom\u00e9s una sortida... El gran format creix amb aquesta instal\u00b7laci\u00f3 de lliure participaci\u00f3, on perdre's ser\u00e0 l'aventura m\u00e9s gran.<\/p>","protected":false},"excerpt":{"rendered":"<p>\u00c9s un mar de parets de colors ple d'encreuaments, que desafien els participants m\u00e9s intr\u00e8pids amb enigmes visuals i portes d'habilitat. Molts camins per\u00f2 nom\u00e9s una sortida... El gran format creix amb aquesta instal\u00b7laci\u00f3 de lliure participaci\u00f3, on perdre's ser\u00e0 l'aventura m\u00e9s gran.<\/p>","protected":false},"author":1,"featured_media":2150,"parent":3115,"menu_order":0,"comment_status":"closed","ping_status":"closed","template":"","meta":{"_acf_changed":false,"footnotes":""},"class_list":["post-3144","page","type-page","status-publish","has-post-thumbnail","hentry"],"acf":[],"_links":{"self":[{"href":"https:\/\/itinerania.com\/ca\/wp-json\/wp\/v2\/pages\/3144","targetHints":{"allow":["GET"]}}],"collection":[{"href":"https:\/\/itinerania.com\/ca\/wp-json\/wp\/v2\/pages"}],"about":[{"href":"https:\/\/itinerania.com\/ca\/wp-json\/wp\/v2\/types\/page"}],"author":[{"embeddable":true,"href":"https:\/\/itinerania.com\/ca\/wp-json\/wp\/v2\/users\/1"}],"replies":[{"embeddable":true,"href":"https:\/\/itinerania.com\/ca\/wp-json\/wp\/v2\/comments?post=3144"}],"version-history":[{"count":6,"href":"https:\/\/itinerania.com\/ca\/wp-json\/wp\/v2\/pages\/3144\/revisions"}],"predecessor-version":[{"id":4634,"href":"https:\/\/itinerania.com\/ca\/wp-json\/wp\/v2\/pages\/3144\/revisions\/4634"}],"up":[{"embeddable":true,"href":"https:\/\/itinerania.com\/ca\/wp-json\/wp\/v2\/pages\/3115"}],"wp:featuredmedia":[{"embeddable":true,"href":"https:\/\/itinerania.com\/ca\/wp-json\/wp\/v2\/media\/2150"}],"wp:attachment":[{"href":"https:\/\/itinerania.com\/ca\/wp-json\/wp\/v2\/media?parent=3144"}],"curies":[{"name":"wp","href":"https:\/\/api.w.org\/{rel}","templated":true}]}}